{"id":146,"date":"2020-02-10T09:04:16","date_gmt":"2020-02-10T09:04:16","guid":{"rendered":"https:\/\/selevpetindustry.com.com\/?page_id=146"},"modified":"2020-04-02T08:48:31","modified_gmt":"2020-04-02T08:48:31","slug":"pet-food","status":"publish","type":"page","link":"https:\/\/selevpetindustry.com\/en\/pet-food\/","title":{"rendered":"Pet Food"},"content":{"rendered":"<div id=\"themify_builder_content-146\" data-postid=\"146\" class=\"themify_builder_content themify_builder_content-146 themify_builder\">\n    \t<!-- module_row -->\n\t<div   class=\"themify_builder_row module_row clearfix fullcover module_row_0 themify_builder_146_row module_row_146-0 tb_zzrs97\">\n\t    <div class=\"builder_row_cover\"><\/div>\t    <div class=\"row_inner col_align_top\" >\n\t\t\t<div  class=\"module_column tb-column col4-2 first tb_146_column module_column_0 module_column_146-0-0 tb_6ivm98\" >\n\t    \t    \t        <div class=\"tb-column-inner\">\n\t\t    <!-- module text -->\n<div  class=\"module module-text tb_g5cl105\">\n            <div  class=\"tb_text_wrap\">\n    <h1>Pet Food<\/h1>    <\/div>\n<\/div>\n<!-- \/module text -->\n\t        <\/div>\n\t    \t<\/div>\n\t\t<div  class=\"module_column tb-column col4-2 last tb_146_column module_column_1 module_column_146-0-1 tb_cdov398\">\n\t    \t    \t<\/div>\n\t\t    <\/div>\n\t    <!-- \/row_inner -->\n\t<\/div>\n\t<!-- \/module_row -->\n\t\t<!-- module_row -->\n\t<div   class=\"themify_builder_row module_row clearfix repeat fullwidth module_row_1 themify_builder_146_row module_row_146-1 tb_meaz620\">\n\t    \t    <div class=\"row_inner col_align_top\" >\n\t\t\t<div  class=\"module_column tb-column col-full first tb_146_column module_column_0 module_column_146-1-0 tb_exel621\">\n\t    \t    \t        <div class=\"tb-column-inner\">\n\t\t    <!-- module text -->\n<div  class=\"module module-text tb_qcop928\">\n            <div  class=\"tb_text_wrap\">\n    <h5>CERTIFIED AND GUARANTEED PRODUCTS<\/h5>    <\/div>\n<\/div>\n<!-- \/module text -->\n<!-- module text -->\n<div  class=\"module module-text tb_39d7562\">\n            <div  class=\"tb_text_wrap\">\n    <p>CERTIFIED LABORATORIES GUARANTEE ALL QUALITY AND HAVE MADE US A REFERENCE IN THE SECTOR.<\/p>    <\/div>\n<\/div>\n<!-- \/module text -->\n<!-- module text -->\n<div  class=\"module module-text tb_jx6868\">\n            <div  class=\"tb_text_wrap\">\n    <p>Experts in the manufacture of high quality animal proteins that provide a continuous source of essential nutrients and improve the final quality of feed. The palatability and odor of our animal proteins allows the manufacture of tastier and more digestible feed.<\/p>\n<p>We are backed by our more than 40 years of experience supplying leading brands in the European petfood sector offering a wide variety of high quality proteins. We manufacture customized products giving specific solutions to the needs of our customers.<\/p>    <\/div>\n<\/div>\n<!-- \/module text -->\n\t        <\/div>\n\t    \t<\/div>\n\t\t    <\/div>\n\t    <!-- \/row_inner -->\n\t<\/div>\n\t<!-- \/module_row -->\n\t\t<!-- module_row -->\n\t<div   class=\"themify_builder_row module_row clearfix fullcover fullwidth module_row_2 themify_builder_146_row module_row_146-2 tb_iko7307\">\n\t    \t    <div class=\"row_inner col_align_top gutter-none\"   data-mobile_dir=\"rtl\" data-basecol=\"2\" data-col_mobile=\"column-full\">\n\t\t\t<div  class=\"module_column tb-column col4-2 first tb_146_column module_column_0 module_column_146-2-0 tb_5hcd309\" style=\"width: 42%\" >\n\t    \t    \t        <div class=\"tb-column-inner\">\n\t\t    <!-- module text -->\n<div  class=\"module module-text tb_f9y5741\">\n            <div  class=\"tb_text_wrap\">\n    <h3>Benefits for your pet<\/h3>\n<p>Safe and natural ingredients<br \/>High nutritional value<br \/>High palatability<br \/>High digestibility which helps to prevent digestive disorders<br \/>Animal joint and coat health<\/p>    <\/div>\n<\/div>\n<!-- \/module text -->\n\t        <\/div>\n\t    \t<\/div>\n\t\t<div  class=\"module_column tb-column col4-2 last tb_146_column module_column_1 module_column_146-2-1 tb_vw98598 fullcover\" style=\"width: 58%\" >\n\t    \t    \t        <div class=\"tb-column-inner\">\n\t\t    <!-- module plain text -->\n<div  class=\"module module-plain-text tb_w7jg394\">\n        <div class=\"tb_text_wrap\" >\n\t    <\/div>\n<\/div>\n<!-- \/module plain text -->\t        <\/div>\n\t    \t<\/div>\n\t\t    <\/div>\n\t    <!-- \/row_inner -->\n\t<\/div>\n\t<!-- \/module_row -->\n\t\t<!-- module_row -->\n\t<div   class=\"themify_builder_row module_row clearfix fullcover fullwidth module_row_3 themify_builder_146_row module_row_146-3 tb_nxjw103\">\n\t    \t    <div class=\"row_inner col_align_top gutter-none\"   data-basecol=\"2\" data-col_mobile=\"column-full\">\n\t\t\t<div  class=\"module_column tb-column col4-2 first tb_146_column module_column_0 module_column_146-3-0 tb_tzog104 fullcover\" style=\"width: 61%\" >\n\t    \t    \t        <div class=\"tb-column-inner\">\n\t\t    <!-- module plain text -->\n<div  class=\"module module-plain-text tb_5ph2446\">\n        <div class=\"tb_text_wrap\" >\n\t    <\/div>\n<\/div>\n<!-- \/module plain text -->\t        <\/div>\n\t    \t<\/div>\n\t\t<div  class=\"module_column tb-column col4-2 last tb_146_column module_column_1 module_column_146-3-1 tb_9h29106 fullcover\" style=\"width: 39%\" >\n\t    \t    \t        <div class=\"tb-column-inner\">\n\t\t    <!-- module text -->\n<div  class=\"module module-text tb_fbua105\">\n            <div  class=\"tb_text_wrap\">\n    <h3>Manufacturer benefits<\/h3>\n<p>Premium essential nutrients<br \/>Natural products<br \/>Fully traceable and compatible<br \/>Consistent quality<br \/>Wide range of options<br \/>Customization to specifications<br \/>Add sustainability, reduce carbon footprint<\/p>    <\/div>\n<\/div>\n<!-- \/module text -->\n\t        <\/div>\n\t    \t<\/div>\n\t\t    <\/div>\n\t    <!-- \/row_inner -->\n\t<\/div>\n\t<!-- \/module_row -->\n\t\t<!-- module_row -->\n\t<div   class=\"themify_builder_row module_row clearfix repeat fullwidth module_row_4 themify_builder_146_row module_row_146-4 tb_z7j3483\">\n\t    \t    <div class=\"row_inner col_align_top\" >\n\t\t\t<div  class=\"module_column tb-column col-full first tb_146_column module_column_0 module_column_146-4-0 tb_6v59485\" >\n\t    \t    \t        <div class=\"tb-column-inner\">\n\t\t    <!-- module text -->\n<div  class=\"module module-text tb_0htv677\">\n            <div  class=\"tb_text_wrap\">\n    <h4>Products<\/h4>    <\/div>\n<\/div>\n<!-- \/module text -->\n    <!-- module divider -->\n    <div  class=\"module module-divider tb_c2gi832 solid   divider-custom divider-center\" style=\"border-width: 3px;border-color: #e6e6e6;margin-top: -19px;margin-bottom: 22px;width: 300px;\">\n\t            <\/div>\n    <!-- \/module divider -->\n\t        <\/div>\n\t    \t<\/div>\n\t\t    <\/div>\n\t    <!-- \/row_inner -->\n\t<\/div>\n\t<!-- \/module_row -->\n\t\t<!-- module_row -->\n\t<div   class=\"themify_builder_row module_row clearfix fullwidth module_row_5 themify_builder_146_row module_row_146-5 tb_yxw4701\">\n\t    \t    <div class=\"row_inner col_align_top\" >\n\t\t\t<div  class=\"module_column tb-column col3-1 first tb_146_column module_column_0 module_column_146-5-0 tb_tq3z703\">\n\t    \t    \t        <div class=\"tb-column-inner\">\n\t\t    <!-- module text -->\n<div  class=\"module module-text tb_7eyb101\">\n            <div  class=\"tb_text_wrap\">\n    <h4>FLOURS<\/h4>    <\/div>\n<\/div>\n<!-- \/module text -->\n<!-- module text -->\n<div  class=\"module module-text tb_z61h352\">\n            <div  class=\"tb_text_wrap\">\n    <p>Our flours of animal origin are added to cereals to complete and balance the nutritional values of feed designed for pets.<\/p>\n<p>AVE flours are considered a source of protein with a high biological value, a very high digestibility coefficient, in addition to providing minerals and vitamins, mainly B12.<\/p>    <\/div>\n<\/div>\n<!-- \/module text -->\n<!-- module text -->\n<div  class=\"module module-text tb_6ejc353\">\n            <div  class=\"tb_text_wrap\">\n    <h5>Our range:<\/h5>\n<p>AVE Low Ash flour<\/p>\n<p>AVE Medium flour Standard<\/p>\n<p>AVE flour (17%) Standard<\/p>\n<p>AVE flour Standard<\/p>\n<p>AVE flour Feather Flour (80%)<\/p>\n<p>MIX flour 60%<\/p>    <\/div>\n<\/div>\n<!-- \/module text -->\n\t        <\/div>\n\t    \t<\/div>\n\t\t<div  class=\"module_column tb-column col3-1 middle tb_146_column module_column_1 module_column_146-5-1 tb_itm9705\" >\n\t    \t    \t        <div class=\"tb-column-inner\">\n\t\t    <!-- module text -->\n<div  class=\"module module-text tb_2qrn75\">\n            <div  class=\"tb_text_wrap\">\n    <h4>FATS<\/h4>    <\/div>\n<\/div>\n<!-- \/module text -->\n<!-- module text -->\n<div  class=\"module module-text tb_uc1077\">\n            <div  class=\"tb_text_wrap\">\n    <p>Our animal fats of the highest quality are a source of energy and resistance for the elaboration of the different types of feed that our customers elaborate.<\/p>\n<p>Our fats are a perfect complement for them.<\/p>    <\/div>\n<\/div>\n<!-- \/module text -->\n<!-- module text -->\n<div  class=\"module module-text tb_evpc76\">\n            <div  class=\"tb_text_wrap\">\n    <h5>Our range:<\/h5>\n<p>AVE fat<br \/>MIX fat<\/p>    <\/div>\n<\/div>\n<!-- \/module text -->\n\t        <\/div>\n\t    \t<\/div>\n\t\t<div  class=\"module_column tb-column col3-1 last tb_146_column module_column_2 module_column_146-5-2 tb_jm0a516\" >\n\t    \t    \t        <div class=\"tb-column-inner\">\n\t\t    <!-- module text -->\n<div  class=\"module module-text tb_45oe518\">\n            <div  class=\"tb_text_wrap\">\n    <h4>MOLASSES<\/h4>    <\/div>\n<\/div>\n<!-- \/module text -->\n<!-- module text -->\n<div  class=\"module module-text tb_dhu9518\">\n            <div  class=\"tb_text_wrap\">\n    <p>We produce molasses that are particularly appreciated in ruminant feed as they stimulate the growth of flora and allow animals to take advantage of fibrous feed more effectively.<\/p>\n<p>Molasses obtain great value when added as a supplement to feed, since they increase the digestibility of forages and therefore increase the nutritional value of the entire ration.<\/p>    <\/div>\n<\/div>\n<!-- \/module text -->\n\t        <\/div>\n\t    \t<\/div>\n\t\t    <\/div>\n\t    <!-- \/row_inner -->\n\t<\/div>\n\t<!-- \/module_row -->\n\t\t<!-- module_row -->\n\t<div   class=\"themify_builder_row module_row clearfix repeat fullwidth_row_container module_row_6 themify_builder_146_row module_row_146-6 tb_grr9592\">\n\t    \t    <div class=\"row_inner col_align_top\" >\n\t\t\t<div  class=\"module_column tb-column col-full first tb_146_column module_column_0 module_column_146-6-0 tb_syc7592\">\n\t    \t    \t        <div class=\"tb-column-inner\">\n\t\t    <!-- module template_part -->\n<div  class=\"module module-layout-part tb_ltjh593\">\n    <div class=\"themify_builder_content themify_builder_content-460 themify_builder not_editable_builder in_the_loop\" data-postid=\"460\">\n    \t<!-- module_row -->\n\t<div   class=\"themify_builder_row module_row clearfix repeat module_row_0 themify_builder_460_row module_row_460-0 tb_s1te655\">\n\t    \t    <div class=\"row_inner col_align_top\" >\n\t\t\t<div  class=\"module_column tb-column col-full first tb_460_column module_column_0 module_column_460-0-0 tb_qm1w655\">\n\t    \t    \t        <div class=\"tb-column-inner\">\n\t\t    <!-- module text -->\n<div  class=\"module module-text tb_5vj6655  repeat\">\n            <div  class=\"tb_text_wrap\">\n    <h2>ASK FOR MORE INFORMATION<\/h2>\n<h2>Contact us<\/h2>    <\/div>\n<\/div>\n<!-- \/module text -->\n<!-- module text -->\n<div  class=\"module module-text tb_kl43655  repeat\">\n            <div  class=\"tb_text_wrap\">\n    <p>Our commercial and technical team is at your entire disposal.<\/p>    <\/div>\n<\/div>\n<!-- \/module text -->\n<script type=\"text\/javascript\">\n\t\t\t\t\t\t\t\t\tvar id =\"contact-css\";\n\t\t\t\t\t\t\t\t\tif(document.getElementById(id)===null){\n\t\t\t\t\t\t\t\t\t    var link = document.createElement(\"link\");\n\t\t\t\t\t\t\t\t\t    link.rel=\"stylesheet\";\n\t\t\t\t\t\t\t\t\t    link.type=\"text\/css\";\n\t\t\t\t\t\t\t\t\t    link.id=id;\n\t\t\t\t\t\t\t\t\t    link.href=\"https:\/\/selevpetindustry.com\/wp-content\/plugins\/builder-contact\/assets\/style.min.css?ver=1.4.1\";\n\t\t\t\t\t\t\t\t\t    document.body.appendChild(link);\n\t\t\t\t\t\t\t\t\t}\n\t\t\t\t\t\t\t<\/script>    <!-- module contact -->\n    <div  id=\"contact-460-0-0-2\" class=\"module module-contact contact-460-0-0-2 contact-style2   tb_c34a655\">\n\t        \n        \n        <form action=\"https:\/\/selevpetindustry.com\/wp-admin\/admin-ajax.php\" class=\"builder-contact\" id=\"contact-460-0-0-2-form\" method=\"post\" data-trp-original-action=\"https:\/\/selevpetindustry.com\/wp-admin\/admin-ajax.php\">\n            <div class=\"contact-message\"><\/div>\n\t    <div class=\"builder-contact-fields\">\n\t                    <div class=\"builder-contact-field builder-contact-field-name builder-contact-text-field\" data-order=\"\">\n                    <label class=\"control-label\" for=\"contact-460-0-0-2-contact-name\"><span class=\"tb-label-span\">Name <\/span><\/label>\n                    <div class=\"control-input\">\n                        <input type=\"text\" name=\"contact-name\" placeholder=\"\" id=\"contact-460-0-0-2-contact-name\" value=\"\" class=\"form-control\" \/>\n                    <\/div>\n                <\/div>\n\t    \t                    <div class=\"builder-contact-field builder-contact-field-email builder-contact-text-field\" data-order=\"\">\n                    <label class=\"control-label\" for=\"contact-460-0-0-2-contact-email\"><span class=\"tb-label-span\">Email <\/span><\/label>\n                    <div class=\"control-input\">\n                        <input type=\"text\" name=\"contact-email\" placeholder=\"\" id=\"contact-460-0-0-2-contact-email\" value=\"\" class=\"form-control\"  \/>\n                    <\/div>\n                <\/div>\n\t    \t                        <div class=\"builder-contact-field builder-contact-field-subject builder-contact-text-field\" data-order=\"\">\n                        <label class=\"control-label\" for=\"contact-460-0-0-2-contact-subject\"><span class=\"tb-label-span\">Subject<\/span> <span class=\"required\">*<\/span><\/label>\n                        <div class=\"control-input\">\n                            <input type=\"text\" name=\"contact-subject\" placeholder=\"\" id=\"contact-460-0-0-2-contact-subject\" value=\"\" class=\"form-control\" required \/>\n                        <\/div>\n                    <\/div>\n                \n\t\t\t\t    <div class=\"builder-contact-field builder-contact-field-message builder-contact-textarea-field\" data-order=\"\">\n\t\t\t<label class=\"control-label\" for=\"contact-460-0-0-2-contact-message\"><span class=\"tb-label-span\">Message <\/span><span class=\"required\">*<\/span><\/label>\n\t\t\t<div class=\"control-input\">\n\t\t\t    <textarea name=\"contact-message\" placeholder=\"\" id=\"contact-460-0-0-2-contact-message\" rows=\"8\" cols=\"45\" class=\"form-control\" required><\/textarea>\n\t\t\t<\/div>\n\t\t    <\/div>\n\t\t\n                                                    \t\t\t\t\n                \n\t\t\t\t\n\t\t\t\t\n                \n                <div class=\"builder-contact-field builder-contact-field-send\" data-order=\"10000\">\n                    <div class=\"control-input builder-contact-field-send-left\">\n                        <button type=\"submit\" class=\"btn btn-primary\"> <i class=\"fa fa-cog fa-spin\"><\/i> Send <\/button>\n                    <\/div>\n                <\/div>\n            <\/div>\n            <script type=\"text\/html\" class=\"builder-contact-form-data\">YToxNDp7czo2OiJzZW5kdG8iO3M6MTQ6InNlbGV2QHNlbGV2LmVzIjtzOjIwOiJzcGVjaWZ5X2Zyb21fYWRkcmVzcyI7czowOiIiO3M6MTQ6InNlbmRfdG9fYWRtaW5zIjtiOjA7czoyMToic3BlY2lmeV9lbWFpbF9hZGRyZXNzIjtzOjA6IiI7czozOiJiY2MiO3M6MDoiIjtzOjE2OiJhY3RpdmVfYmNjX2VtYWlsIjtzOjA6IiI7czoxNToiZGVmYXVsdF9zdWJqZWN0IjtzOjA6IiI7czoxMToic3VjY2Vzc191cmwiO3M6MDoiIjtzOjk6InBvc3RfdHlwZSI7czowOiIiO3M6MTE6InBvc3RfYXV0aG9yIjtiOjA7czoyMDoic3VjY2Vzc19tZXNzYWdlX3RleHQiO3M6MjQ6Ik1lc3NhZ2Ugc2VudC4gVGhhbmsgeW91LiI7czoxNzoiY29udGFjdF9zZW50X2Zyb20iO3M6NjoiZW5hYmxlIjtzOjIwOiJjb250YWN0X25hbWVfcmVxdWlyZSI7YjowO3M6MjE6ImNvbnRhY3RfZW1haWxfcmVxdWlyZSI7YjowO30=<\/script>\n            <script type=\"text\/javascript\">\n\t\t\t\t\/\/ To load orders instantly, even don't wait for document ready\n\t\t\t\t(function($){\n\t\t\t\t\tvar mylist = $('#contact-460-0-0-2').first().find('.builder-contact-fields'),\n                                            listitems = mylist.children('div').get();\n\n\t\t\t\t\tlistitems.sort(function (a, b) {\n\t\t\t\t\t\tvar compA = $(a).attr('data-order') ? parseInt( $(a).attr('data-order') ) : $(a).index(),\n                                                    compB = $(b).attr('data-order') ? parseInt( $(b).attr('data-order') ) : $(b).index();\n\t\t\t\t\t\treturn ( compA < compB ) ? -1 : ( compA > compB ) ? 1 : 0;\n\t\t\t\t\t});\n\t\t\t\t\t$.each(listitems, function (idx, itm) {\n\t\t\t\t\t\tmylist.append(itm);\n\t\t\t\t\t});\n\t\t\t\t})(jQuery);\n\t\t\t<\/script>\n        <input type=\"hidden\" name=\"trp-form-language\" value=\"en\"\/><\/form>\n\n            <\/div>\n    <!-- \/module contact -->\n\t        <\/div>\n\t    \t<\/div>\n\t\t    <\/div>\n\t    <!-- \/row_inner -->\n\t<\/div>\n\t<!-- \/module_row -->\n\t<\/div>\n<\/div>\n<!-- \/module template_part -->\n\t        <\/div>\n\t    \t<\/div>\n\t\t    <\/div>\n\t    <!-- \/row_inner -->\n\t<\/div>\n\t<!-- \/module_row -->\n\t<\/div>\n\n<!-- AddThis Advanced Settings generic via filter on the_content --><!-- AddThis Share Buttons generic via filter on the_content -->","protected":false},"excerpt":{"rendered":"<p>Pet Food Productos certificados y garantizados Laboratorios certificados garantizan toda la calidad y han hecho de nosotros un referente en el sector. Expertos en la fabricaci\u00f3n de prote\u00ednas animales de alta calidad que proporcionan una fuente continua de nutrientes esenciales y mejoran la calidad final de los piensos. La palatabilidad y olor de nuestras prote\u00ednas [&hellip;]<!-- AddThis Advanced Settings generic via filter on get_the_excerpt --><!-- AddThis Share Buttons generic via filter on get_the_excerpt --><\/p>","protected":false},"author":1,"featured_media":0,"parent":0,"menu_order":0,"comment_status":"closed","ping_status":"closed","template":"","meta":[],"yoast_head":"<!-- This site is optimized with the Yoast SEO plugin v15.9 - https:\/\/yoast.com\/wordpress\/plugins\/seo\/ -->\n<title>Pet Food - Selev<\/title>\n<meta name=\"robots\" content=\"index, follow, max-snippet:-1, max-image-preview:large, max-video-preview:-1\" \/>\n<link rel=\"canonical\" href=\"https:\/\/selevpetindustry.com\/pet-food\/\" \/>\n<meta property=\"og:locale\" content=\"en_GB\" \/>\n<meta property=\"og:type\" content=\"article\" \/>\n<meta property=\"og:title\" content=\"Pet Food - Selev\" \/>\n<meta property=\"og:description\" content=\"Pet Food Productos certificados y garantizados Laboratorios certificados garantizan toda la calidad y han hecho de nosotros un referente en el sector. Expertos en la fabricaci\u00f3n de prote\u00ednas animales de alta calidad que proporcionan una fuente continua de nutrientes esenciales y mejoran la calidad final de los piensos. La palatabilidad y olor de nuestras prote\u00ednas [&hellip;]\" \/>\n<meta property=\"og:url\" content=\"https:\/\/selevpetindustry.com\/pet-food\/\" \/>\n<meta property=\"og:site_name\" content=\"Selev\" \/>\n<meta property=\"article:publisher\" content=\"https:\/\/www.facebook.com\/SELEV-743333699110370\/\" \/>\n<meta property=\"article:modified_time\" content=\"2020-04-02T08:48:31+00:00\" \/>\n<meta name=\"twitter:card\" content=\"summary_large_image\" \/>\n<meta name=\"twitter:site\" content=\"@Selev_pet\" \/>\n<meta name=\"twitter:label1\" content=\"Estimated reading time\">\n\t<meta name=\"twitter:data1\" content=\"2 minutes\">\n<script type=\"application\/ld+json\" class=\"yoast-schema-graph\">{\"@context\":\"https:\/\/schema.org\",\"@graph\":[{\"@type\":\"WebSite\",\"@id\":\"https:\/\/selevpetindustry.com\/#website\",\"url\":\"https:\/\/selevpetindustry.com\/\",\"name\":\"Selev\",\"description\":\"Calidad sostenible\",\"potentialAction\":[{\"@type\":\"SearchAction\",\"target\":\"https:\/\/selevpetindustry.com\/?s={search_term_string}\",\"query-input\":\"required name=search_term_string\"}],\"inLanguage\":\"en-GB\"},{\"@type\":\"WebPage\",\"@id\":\"https:\/\/selevpetindustry.com\/pet-food\/#webpage\",\"url\":\"https:\/\/selevpetindustry.com\/pet-food\/\",\"name\":\"Pet Food - Selev\",\"isPartOf\":{\"@id\":\"https:\/\/selevpetindustry.com\/#website\"},\"datePublished\":\"2020-02-10T09:04:16+00:00\",\"dateModified\":\"2020-04-02T08:48:31+00:00\",\"breadcrumb\":{\"@id\":\"https:\/\/selevpetindustry.com\/pet-food\/#breadcrumb\"},\"inLanguage\":\"en-GB\",\"potentialAction\":[{\"@type\":\"ReadAction\",\"target\":[\"https:\/\/selevpetindustry.com\/pet-food\/\"]}]},{\"@type\":\"BreadcrumbList\",\"@id\":\"https:\/\/selevpetindustry.com\/pet-food\/#breadcrumb\",\"itemListElement\":[{\"@type\":\"ListItem\",\"position\":1,\"item\":{\"@type\":\"WebPage\",\"@id\":\"https:\/\/selevpetindustry.com\/\",\"url\":\"https:\/\/selevpetindustry.com\/\",\"name\":\"Portada\"}},{\"@type\":\"ListItem\",\"position\":2,\"item\":{\"@type\":\"WebPage\",\"@id\":\"https:\/\/selevpetindustry.com\/pet-food\/\",\"url\":\"https:\/\/selevpetindustry.com\/pet-food\/\",\"name\":\"Pet Food\"}}]}]}<\/script>\n<!-- \/ Yoast SEO plugin. -->","builder_content":"<h1>Pet Food<\/h1>\n<h5>Productos certificados y garantizados<\/h5>\n<p>Laboratorios certificados garantizan toda la calidad y han hecho de nosotros un referente en el sector.<\/p>\n<p>Expertos en la fabricaci\u00f3n de prote\u00ednas animales de alta calidad que proporcionan una fuente continua de nutrientes esenciales y mejoran la calidad final de los piensos. La palatabilidad y olor de nuestras prote\u00ednas animales permite la fabricaci\u00f3n de piensos m\u00e1s sabrosos y digestibles.<\/p> <p>Nos avalan nuestros m\u00e1s de 40 a\u00f1os de experiencia suministrando a marcas l\u00edderes en el sector del petfood europeo ofreciendo una amplia variedad de prote\u00ednas de alta calidad. Fabricamos productos a medida dando soluciones espec\u00edficas a las necesidades de nuestros clientes.<\/p>\n<h3>Beneficios para tu mascota<\/h3> <p>Ingredientes seguros y naturales<br \/>Alto valor nutricional<br \/>Alta palatabilidad<br \/>Alta digestibilidad lo que ayuda a la prevenci\u00f3n de trastornos digestivos<br \/>Salud para las articulaciones y pelaje de los animales<\/p>\n\n\n<h3>Beneficios para el fabricante<\/h3> <p>Nutrientes esenciales de primera calidad<br \/>Productos naturales<br \/>Totalmente rastreable y compatible<br \/>Calidad consistente<br \/>Amplia gama de opciones<br \/>Personalizaci\u00f3n a las especificaciones del cliente<br \/>Agregue sostenibilidad, reduzca la huella de carbono<\/p>\n<h4>Productos<\/h4>\n\n<h4>Harinas<\/h4>\n<p>Nuestras harinas de origen animal se suman a los cereales para completar y equilibrar los valores nutricionales de los piensos concebidos para mascotas.<\/p> <p>Las harinas de AVE es considerada una fuente de prote\u00edna con alto valor biol\u00f3gico, un coeficiente de digestibilidad muy alto adem\u00e1s de proporcionar minerales y vitaminas, principalmente B12.<\/p>\n<h5>Nuestra gama:<\/h5> <p>Harina de AVE Low Ash<\/p> <p>Harina de AVE Medium<\/p> <p>Harina de AVE Estandar (17%)<\/p> <p>Harina de AVE Est\u00e1ndar<\/p> <p>Harina de Pluma (80%)<\/p> <p>Harina MIX 60%<\/p>\n<h4>Grasas<\/h4>\n<p>Nuestras grasas animales de la m\u00e1s alta calidad son fuente de energ\u00eda y resistencia para la elaboraci\u00f3n de los diferentes tipos de piensos que elaboran nuestros clientes.<\/p> <p>Nuestras grasas suponen un complemento perfecto para ellos.<\/p>\n<h5>Nuestra gama:<\/h5> <p>Grasa de AVE<br \/>Grasa MIX<\/p>\n<h4>Melazas<\/h4>\n<p>Producimos melazas que son particularmente apreciadas en la alimentaci\u00f3n de los rumiantes ya que estimulan el crecimiento de la flora y hace que los animales aprovechen de una forma m\u00e1s efectiva los alimentos fibrosos.<\/p> <p>Las melazas obtienen un gran valor cuando se a\u00f1ade como suplemento al pienso ya que incrementan la digestibilidad de los forrajes y aumentan por lo tanto el valor alimenticio de toda la raci\u00f3n.<\/p>\n<h2>PIDE M\u00c1S INFORMACI\u00d3N<\/h2> <h2>Contacta con nosotros<\/h2> \n <p>Nuestro equipo comercial y t\u00e9cnico est\u00e1 a tu entera disposici\u00f3n.<\/p> \n <form action=\"https:\/\/selevpetindustry.com\/wp-admin\/admin-ajax.php\" id=\"contact-460-0-0-2-form\" method=\"post\"> <label for=\"contact-460-0-0-2-contact-name\">Nombre <\/label> <input type=\"text\" name=\"contact-name\" placeholder=\"\" id=\"contact-460-0-0-2-contact-name\" value=\"\" \/> <label for=\"contact-460-0-0-2-contact-email\">Email <\/label> <input type=\"text\" name=\"contact-email\" placeholder=\"\" id=\"contact-460-0-0-2-contact-email\" value=\"\" \/> <label for=\"contact-460-0-0-2-contact-subject\">Asunto *<\/label> <input type=\"text\" name=\"contact-subject\" placeholder=\"\" id=\"contact-460-0-0-2-contact-subject\" value=\"\" required \/> <label for=\"contact-460-0-0-2-contact-message\">Mensaje *<\/label> <textarea name=\"contact-message\" placeholder=\"\" id=\"contact-460-0-0-2-contact-message\" rows=\"8\" cols=\"45\" required><\/textarea> <button type=\"submit\"> Enviar <\/button> <\/form>","_links":{"self":[{"href":"https:\/\/selevpetindustry.com\/en\/wp-json\/wp\/v2\/pages\/146"}],"collection":[{"href":"https:\/\/selevpetindustry.com\/en\/wp-json\/wp\/v2\/pages"}],"about":[{"href":"https:\/\/selevpetindustry.com\/en\/wp-json\/wp\/v2\/types\/page"}],"author":[{"embeddable":true,"href":"https:\/\/selevpetindustry.com\/en\/wp-json\/wp\/v2\/users\/1"}],"replies":[{"embeddable":true,"href":"https:\/\/selevpetindustry.com\/en\/wp-json\/wp\/v2\/comments?post=146"}],"version-history":[{"count":57,"href":"https:\/\/selevpetindustry.com\/en\/wp-json\/wp\/v2\/pages\/146\/revisions"}],"predecessor-version":[{"id":692,"href":"https:\/\/selevpetindustry.com\/en\/wp-json\/wp\/v2\/pages\/146\/revisions\/692"}],"wp:attachment":[{"href":"https:\/\/selevpetindustry.com\/en\/wp-json\/wp\/v2\/media?parent=146"}],"curies":[{"name":"wp","href":"https:\/\/api.w.org\/{rel}","templated":true}]}}