{"id":164,"date":"2020-02-10T10:24:49","date_gmt":"2020-02-10T10:24:49","guid":{"rendered":"https:\/\/selevpetindustry.com.com\/?page_id=164"},"modified":"2020-04-02T13:06:56","modified_gmt":"2020-04-02T13:06:56","slug":"economia-circular","status":"publish","type":"page","link":"https:\/\/selevpetindustry.com\/en\/economia-circular\/","title":{"rendered":"Circular economy"},"content":{"rendered":"<div id=\"themify_builder_content-164\" data-postid=\"164\" class=\"themify_builder_content themify_builder_content-164 themify_builder\">\n    \t<!-- module_row -->\n\t<div   class=\"themify_builder_row module_row clearfix best-fit-image fullwidth module_row_0 themify_builder_164_row module_row_164-0 tb_fmv1133\">\n\t    \t    <div class=\"row_inner col_align_top\"   data-basecol=\"2\" data-col_tablet=\"column-full\" data-col_mobile=\"column-full\">\n\t\t\t<div  class=\"module_column tb-column col3-1 first tb_164_column module_column_0 module_column_164-0-0 tb_nw9k136\" style=\"width: 46%\" >\n\t    \t    \t        <div class=\"tb-column-inner\">\n\t\t        <!-- module image -->\n    <div  class=\"module module-image tb_ctcx930  image-full-overlay   wow slideInLeft\">\n\t                <div class=\"image-wrap\">\n                            <img loading=\"lazy\" width=\"1000\" height=\"1000\" src=\"https:\/\/selevpetindustry.com\/wp-content\/uploads\/2020\/02\/piescesped.jpg\" class=\"wp-post-image wp-image-433\" alt=\"piescesped\" \/>            \n                        <\/div>\n            <!-- \/image-wrap -->\n        \n        \n        <\/div>\n    <!-- \/module image -->\n\t        <\/div>\n\t    \t<\/div>\n\t\t<div  class=\"module_column tb-column col3-2 last tb_164_column module_column_1 module_column_164-0-1 tb_soic90\" style=\"width: 50.8%\" >\n\t    \t    \t        <div class=\"tb-column-inner\">\n\t\t    <!-- module text -->\n<div  class=\"module module-text tb_j0my593    wow lightSpeedIn\">\n            <div  class=\"tb_text_wrap\">\n    <h1>A model aligned with the circular economy<\/h1>    <\/div>\n<\/div>\n<!-- \/module text -->\n<!-- module text -->\n<div  class=\"module module-text tb_3hif882    wow lightSpeedIn\">\n            <div  class=\"tb_text_wrap\">\n    <p>SELEV PET INDUSTRY is committed to a business model based on the circular economy, which demonstrates to our customers the commitment to work with a company that cares for the environment and defends a higher quality of life.<\/p>    <\/div>\n<\/div>\n<!-- \/module text -->\n\t        <\/div>\n\t    \t<\/div>\n\t\t    <\/div>\n\t    <!-- \/row_inner -->\n\t<\/div>\n\t<!-- \/module_row -->\n\t\t<!-- module_row -->\n\t<div   class=\"themify_builder_row module_row clearfix repeat module_row_1 themify_builder_164_row module_row_164-1 tb_ap2y186\">\n\t    \t    <div class=\"row_inner col_align_top\" >\n\t\t\t<div  class=\"module_column tb-column col-full first tb_164_column module_column_0 module_column_164-1-0 tb_nbb1187\">\n\t    \t    \t        <div class=\"tb-column-inner\">\n\t\t    <!-- module text -->\n<div  class=\"module module-text tb_6c7f685\">\n            <div  class=\"tb_text_wrap\">\n    <h1 style=\"text-align: center;\">THE DEFENSE OF A TOMORROW<\/h1>    <\/div>\n<\/div>\n<!-- \/module text -->\n<!-- module text -->\n<div  class=\"module module-text tb_jv9o781\">\n            <div  class=\"tb_text_wrap\">\n    <h2 style=\"text-align: center;\">CHANGING THE FUTURE<\/h2>    <\/div>\n<\/div>\n<!-- \/module text -->\n<!-- module text -->\n<div  class=\"module module-text tb_iwlt233\">\n            <div  class=\"tb_text_wrap\">\n    <p style=\"text-align: center;\">We must maintain the value of products and their components as long as possible within the economy. This future model provides protection to the environment and promotes innovations that provide competitive advantages.<\/p>    <\/div>\n<\/div>\n<!-- \/module text -->\n\t<div  class=\"themify_builder_sub_row module_subrow clearfix sub_row_1-0-3 tb_2th0190\">\n\t    \t    <div class=\"subrow_inner col_align_top\"   data-basecol=\"4\" data-col_tablet=\"column-full\">\n\t\t\t<div  class=\"sub_column module_column col4-1 first sub_column_post_164 sub_column_1-0-3-0 tb_hm7c191\"> \n\t    \t    \t        <div class=\"tb-column-inner\">\n\t\t    <!-- module text -->\n<div  class=\"module module-text tb_l7b4662\">\n            <div  class=\"tb_text_wrap\">\n    <p style=\"text-align: center;\"><strong>Innovation and economic growth.<\/strong>.<\/p>\n<p style=\"text-align: center;\">Natural resources and economic growth must go hand in hand. New business models based on the circular economy as well as new technologies favor innovation and create more economic value.<\/p>    <\/div>\n<\/div>\n<!-- \/module text -->\n\t        <\/div>\n\t    \t<\/div>\n\t\t<div  class=\"sub_column module_column col4-1 second sub_column_post_164 sub_column_1-0-3-1 tb_y6ae191\"> \n\t    \t    \t        <div class=\"tb-column-inner\">\n\t\t    <!-- module text -->\n<div  class=\"module module-text tb_zmg3377\">\n            <div  class=\"tb_text_wrap\">\n    <p style=\"text-align: center;\"><strong>Sustainable consumption and opportunity for new jobs.<\/strong>.<\/p>\n<p style=\"text-align: center;\">The innovation associated with the concepts of Reuse, Reduce and Recycle results in behavior that reflects more sustainable consumption and job creation by generating new areas of work.<\/p>    <\/div>\n<\/div>\n<!-- \/module text -->\n\t        <\/div>\n\t    \t<\/div>\n\t\t<div  class=\"sub_column module_column col4-1 third sub_column_post_164 sub_column_1-0-3-2 tb_x3rx192\"> \n\t    \t    \t        <div class=\"tb-column-inner\">\n\t\t    <!-- module text -->\n<div  class=\"module module-text tb_x8ld530\">\n            <div  class=\"tb_text_wrap\">\n    <p style=\"text-align: center;\"><b>Improvements in the supply of raw materials<\/b><\/p>\n<p style=\"text-align: center;\">Maintaining the value of products over time, or the return of by-products to the economy as reusable materials, reduces demand for virgin raw materials and imports dependence.<\/p>    <\/div>\n<\/div>\n<!-- \/module text -->\n\t        <\/div>\n\t    \t<\/div>\n\t\t<div  class=\"sub_column module_column col4-1 last sub_column_post_164 sub_column_1-0-3-3 tb_sxzf192\"> \n\t    \t    \t        <div class=\"tb-column-inner\">\n\t\t    <!-- module text -->\n<div  class=\"module module-text tb_tj4m928\">\n            <div  class=\"tb_text_wrap\">\n    <p style=\"text-align: center;\"><strong>Reduce environmental impact to the minimum possible<\/strong><\/p>\n<p style=\"text-align: center;\">Extending products\u2019 shelf life through reuse and recycling, reducing the extraction of virgin raw materials, etc., will make products environmental impact decrease dramatically.<\/p>    <\/div>\n<\/div>\n<!-- \/module text -->\n\t        <\/div>\n\t    \t<\/div>\n\t\t    <\/div>\n\t<\/div><!-- \/themify_builder_sub_row -->\n\t\t        <\/div>\n\t    \t<\/div>\n\t\t    <\/div>\n\t    <!-- \/row_inner -->\n\t<\/div>\n\t<!-- \/module_row -->\n\t\t<!-- module_row -->\n\t<div   class=\"themify_builder_row module_row clearfix fullcover fullwidth module_row_3 themify_builder_164_row module_row_164-3 tb_cbm6983\">\n\t    <div class=\"builder_row_cover\"><\/div>\t    <div class=\"row_inner col_align_top\" >\n\t\t\t<div  class=\"module_column tb-column col3-1 first tb_164_column module_column_0 module_column_164-3-0 tb_kagi983 fullcover\" >\n\t    \t    \t        <div class=\"tb-column-inner\">\n\t\t        <!-- module feature -->\n   <div  class=\"module module-feature tb_bwq7751 with-chart layout-icon-top size-small   wow fadeInDown\">\n        <style type=\"text\/css\">.tb_bwq7751 .module-feature-chart-html5 {\n\t\t\t    box-shadow: inset 0 0 0 3px rgba(0,0,0,.1);\n\t\t\t}\n\t\t\t.tb_bwq7751 .chart-loaded.chart-html5-fill {\n\t\t\t    box-shadow: inset 0 0 0 3px #8cc53f;\n\t\t    }<\/style>\n        \n        <div class=\"module-feature-image\">\n            \n            \n                <div class=\"module-feature-chart-html5\"\n                                         data-progress=\"0\"\n                         data-progress-end=\"100\"\n                         data-size=\"100\"\n                                          >\n                    <div class=\"chart-html5-circle\">\n                                                    <div class=\"chart-html5-mask chart-html5-full\">\n                                <div class=\"chart-html5-fill\"><\/div>\n                            <\/div>\n                            <div class=\"chart-html5-mask chart-html5-half\">\n                                <div class=\"chart-html5-fill\"><\/div>\n                            <\/div>\n                                                <div class=\"chart-html5-inset chart-html5-inset-icon\">\n\n                                                                                            <i class=\"module-feature-icon fas fa-sync\" style=\"color: #ffffff\"><\/i>                            \n                        <\/div>\n                    <\/div>\n                <\/div>\n\n                        <\/div>\n\n        <div class=\"module-feature-content\">\n\t\t\t                                        <h3 class=\"module-feature-title\">\n                                                                                            REUSE                                                                                    <\/h3>\n                                \t    <div class=\"tb_text_wrap\">\n\t\t<p>We carry out a correct separation of the containers and the organic fractions of SANDACH 3 that we manage in order to give them a second useful life or a longer use, thus reducing the volume of the garbage and reducing the impact on the environment.<\/p>\t    <\/div>\n\t<\/div>\n\n    <\/div>\n    <!-- \/module feature -->\n\t        <\/div>\n\t    \t<\/div>\n\t\t<div  class=\"module_column tb-column col3-1 middle tb_164_column module_column_1 module_column_164-3-1 tb_i2b5214\">\n\t    \t    \t        <div class=\"tb-column-inner\">\n\t\t        <!-- module feature -->\n   <div  class=\"module module-feature tb_828j217 with-chart layout-icon-top size-small   wow fadeInUp animation_effect_delay_0.5\">\n        <style type=\"text\/css\">.tb_828j217 .module-feature-chart-html5 {\n\t\t\t    box-shadow: inset 0 0 0 3px rgba(0,0,0,.1);\n\t\t\t}\n\t\t\t.tb_828j217 .chart-loaded.chart-html5-fill {\n\t\t\t    box-shadow: inset 0 0 0 3px #8cc53f;\n\t\t    }<\/style>\n        \n        <div class=\"module-feature-image\">\n            \n            \n                <div class=\"module-feature-chart-html5\"\n                                         data-progress=\"0\"\n                         data-progress-end=\"100\"\n                         data-size=\"100\"\n                                          >\n                    <div class=\"chart-html5-circle\">\n                                                    <div class=\"chart-html5-mask chart-html5-full\">\n                                <div class=\"chart-html5-fill\"><\/div>\n                            <\/div>\n                            <div class=\"chart-html5-mask chart-html5-half\">\n                                <div class=\"chart-html5-fill\"><\/div>\n                            <\/div>\n                                                <div class=\"chart-html5-inset chart-html5-inset-icon\">\n\n                                                                                            <i class=\"module-feature-icon fas fa-compress-arrows-alt\" style=\"color: #ffffff\"><\/i>                            \n                        <\/div>\n                    <\/div>\n                <\/div>\n\n                        <\/div>\n\n        <div class=\"module-feature-content\">\n\t\t\t                                        <h3 class=\"module-feature-title\">\n                                                                                            REDUCTION                                                                                    <\/h3>\n                                \t    <div class=\"tb_text_wrap\">\n\t\t<p>We take advantage of our own waste to reduce energy consumption and water consumption because it means making a really important contribution to the environment. This policy has led us to drastically reduce the emission of polluting, harmful or toxic gases.<\/p>\t    <\/div>\n\t<\/div>\n\n    <\/div>\n    <!-- \/module feature -->\n\t        <\/div>\n\t    \t<\/div>\n\t\t<div  class=\"module_column tb-column col3-1 last tb_164_column module_column_2 module_column_164-3-2 tb_c672344\">\n\t    \t    \t        <div class=\"tb-column-inner\">\n\t\t        <!-- module feature -->\n   <div  class=\"module module-feature tb_1o0a345 with-chart layout-icon-top size-small   wow fadeInUp animation_effect_delay_1\">\n        <style type=\"text\/css\">.tb_1o0a345 .module-feature-chart-html5 {\n\t\t\t    box-shadow: inset 0 0 0 3px rgba(0,0,0,.1);\n\t\t\t}\n\t\t\t.tb_1o0a345 .chart-loaded.chart-html5-fill {\n\t\t\t    box-shadow: inset 0 0 0 3px #8cc53f;\n\t\t    }<\/style>\n        \n        <div class=\"module-feature-image\">\n            \n            \n                <div class=\"module-feature-chart-html5\"\n                                         data-progress=\"0\"\n                         data-progress-end=\"100\"\n                         data-size=\"100\"\n                                          >\n                    <div class=\"chart-html5-circle\">\n                                                    <div class=\"chart-html5-mask chart-html5-full\">\n                                <div class=\"chart-html5-fill\"><\/div>\n                            <\/div>\n                            <div class=\"chart-html5-mask chart-html5-half\">\n                                <div class=\"chart-html5-fill\"><\/div>\n                            <\/div>\n                                                <div class=\"chart-html5-inset chart-html5-inset-icon\">\n\n                                                                                            <i class=\"module-feature-icon fas fa-recycle\" style=\"color: #ffffff\"><\/i>                            \n                        <\/div>\n                    <\/div>\n                <\/div>\n\n                        <\/div>\n\n        <div class=\"module-feature-content\">\n\t\t\t                                        <h3 class=\"module-feature-title\">\n                                                                                            RECYCLING                                                                                    <\/h3>\n                                \t    <div class=\"tb_text_wrap\">\n\t\t<p>We convert biowaste into high quality proteins and fats for the petfood, feed and aquafeed industries. Thanks to the collection of these bio-residues in special containers, we extend their life cycle, save raw materials and take care of the environment through less gas emissions.<\/p>\t    <\/div>\n\t<\/div>\n\n    <\/div>\n    <!-- \/module feature -->\n\t        <\/div>\n\t    \t<\/div>\n\t\t    <\/div>\n\t    <!-- \/row_inner -->\n\t<\/div>\n\t<!-- \/module_row -->\n\t<\/div>\n\n<!-- AddThis Advanced Settings generic via filter on the_content --><!-- AddThis Share Buttons generic via filter on the_content -->","protected":false},"excerpt":{"rendered":"<p>A model aligned with the circular economy<!-- AddThis Advanced Settings generic via filter on get_the_excerpt --><!-- AddThis Share Buttons generic via filter on get_the_excerpt --><\/p>","protected":false},"author":1,"featured_media":0,"parent":0,"menu_order":0,"comment_status":"closed","ping_status":"closed","template":"","meta":[],"yoast_head":"<!-- This site is optimized with the Yoast SEO plugin v15.9 - https:\/\/yoast.com\/wordpress\/plugins\/seo\/ -->\n<title>Econom\u00eda circular - Selev<\/title>\n<meta name=\"robots\" content=\"index, follow, max-snippet:-1, max-image-preview:large, max-video-preview:-1\" \/>\n<link rel=\"canonical\" href=\"https:\/\/selevpetindustry.com\/economia-circular\/\" \/>\n<meta property=\"og:locale\" content=\"en_GB\" \/>\n<meta property=\"og:type\" content=\"article\" \/>\n<meta property=\"og:title\" content=\"Econom\u00eda circular - Selev\" \/>\n<meta property=\"og:description\" content=\"Un modelo alineado con la econom\u00eda circular\" \/>\n<meta property=\"og:url\" content=\"https:\/\/selevpetindustry.com\/economia-circular\/\" \/>\n<meta property=\"og:site_name\" content=\"Selev\" \/>\n<meta property=\"article:publisher\" content=\"https:\/\/www.facebook.com\/SELEV-743333699110370\/\" \/>\n<meta property=\"article:modified_time\" content=\"2020-04-02T13:06:56+00:00\" \/>\n<meta name=\"twitter:card\" content=\"summary_large_image\" \/>\n<meta name=\"twitter:site\" content=\"@Selev_pet\" \/>\n<script type=\"application\/ld+json\" class=\"yoast-schema-graph\">{\"@context\":\"https:\/\/schema.org\",\"@graph\":[{\"@type\":\"WebSite\",\"@id\":\"https:\/\/selevpetindustry.com\/#website\",\"url\":\"https:\/\/selevpetindustry.com\/\",\"name\":\"Selev\",\"description\":\"Calidad sostenible\",\"potentialAction\":[{\"@type\":\"SearchAction\",\"target\":\"https:\/\/selevpetindustry.com\/?s={search_term_string}\",\"query-input\":\"required name=search_term_string\"}],\"inLanguage\":\"en-GB\"},{\"@type\":\"WebPage\",\"@id\":\"https:\/\/selevpetindustry.com\/economia-circular\/#webpage\",\"url\":\"https:\/\/selevpetindustry.com\/economia-circular\/\",\"name\":\"Econom\\u00eda circular - Selev\",\"isPartOf\":{\"@id\":\"https:\/\/selevpetindustry.com\/#website\"},\"datePublished\":\"2020-02-10T10:24:49+00:00\",\"dateModified\":\"2020-04-02T13:06:56+00:00\",\"breadcrumb\":{\"@id\":\"https:\/\/selevpetindustry.com\/economia-circular\/#breadcrumb\"},\"inLanguage\":\"en-GB\",\"potentialAction\":[{\"@type\":\"ReadAction\",\"target\":[\"https:\/\/selevpetindustry.com\/economia-circular\/\"]}]},{\"@type\":\"BreadcrumbList\",\"@id\":\"https:\/\/selevpetindustry.com\/economia-circular\/#breadcrumb\",\"itemListElement\":[{\"@type\":\"ListItem\",\"position\":1,\"item\":{\"@type\":\"WebPage\",\"@id\":\"https:\/\/selevpetindustry.com\/\",\"url\":\"https:\/\/selevpetindustry.com\/\",\"name\":\"Portada\"}},{\"@type\":\"ListItem\",\"position\":2,\"item\":{\"@type\":\"WebPage\",\"@id\":\"https:\/\/selevpetindustry.com\/economia-circular\/\",\"url\":\"https:\/\/selevpetindustry.com\/economia-circular\/\",\"name\":\"Econom\\u00eda circular\"}}]}]}<\/script>\n<!-- \/ Yoast SEO plugin. -->","builder_content":"<img loading=\"lazy\" width=\"1000\" height=\"1000\" src=\"https:\/\/selevpetindustry.com\/wp-content\/uploads\/2020\/02\/piescesped.jpg\" alt=\"piescesped\" \/>\n<h1>Un modelo alineado con la econom\u00eda circular<\/h1>\n<p>SELEV PET INDUSTRY apuesta por un modelo empresarial con base en la econom\u00eda circular, que demuestra a nuestros clientes el compromiso de trabajar con una empresa que cuida el medio ambiente y defiende una mayor calidad de vida.<\/p>\n<h1 style=\"text-align: center;\">LA DEFENSA DE UN MA\u00d1ANA<\/h1>\n<h2 style=\"text-align: center;\">UN CAMBIO DE FUTURO<\/h2>\n<p style=\"text-align: center;\">Debemos mantener el valor de los productos y sus componentes el mayor tiempo posible dentro de la econom\u00eda. Este modelo de futuro aporta protecci\u00f3n al medio ambiente y promueve innovaciones que proporcionan ventajas competitivas.<\/p>\n<p style=\"text-align: center;\"><strong>Innovaci\u00f3n y crecimiento econ\u00f3mico<\/strong>.<\/p> <p style=\"text-align: center;\">Los recursos naturales y el crecimiento econ\u00f3mico deben ir de la mano. Los nuevos modelos de negocio basados en la econom\u00eda circular as\u00ed como las nuevas tecnolog\u00edas favorecen la innovaci\u00f3n y crean m\u00e1s valor econ\u00f3mico.<\/p>\n<p style=\"text-align: center;\"><strong>Consumo sostenible y oportunidad de nuevos trabajos<\/strong>.<\/p> <p style=\"text-align: center;\">La innovaci\u00f3n asociada a los conceptos de Reutilizar, Reducir y Reciclar tiene como resultado un comportamiento que refleja un consumo m\u00e1s sostenible y la creaci\u00f3n de empleo al generar nuevas \u00e1reas de trabajo.<\/p>\n<p style=\"text-align: center;\"><b>Mejoras en la suministro de materias primas<\/b><\/p> <p style=\"text-align: center;\">El mantenimiento del valor de los productos a lo largo del tiempo o la vuelta de los subproductos a la econom\u00eda como materiales reutilizables, reduce la demanda de materias primas v\u00edrgenes y la dependencia de las importaciones.<\/p>\n<p style=\"text-align: center;\"><strong>Reducir el impacto ambiental al m\u00ednimo posible<\/strong><\/p> <p style=\"text-align: center;\">Alargar la vida \u00fatil de los productos mediante la reutilizaci\u00f3n y el reciclaje, disminuir la extracci\u00f3n de materias primas v\u00edrgenes, etc, har\u00e1n que los impactos ambientales que se producen en un producto disminuyan dr\u00e1sticamente.<\/p>\n<h3> REUTILIZACI\u00d3N <\/h3> <p>Realizamos una correcta separaci\u00f3n de los envases y las fracciones org\u00e1nicas de SANDACH 3 que gestionamos con el fin de darles una segunda vida \u00fatil o un uso m\u00e1s prolongado disminuyendo as\u00ed el volumen de la basura y reduciendo el impacto en el medio ambiente.<\/p>\n<h3> REDUCCI\u00d3N <\/h3> <p>Aprovechamos nuestros propios residuos para reducir consumos energ\u00e9ticos y consumos de agua porque supone contribuir de una forma realmente importante en la disminuci\u00f3n del impacto sobre el medio ambiente. Esta pol\u00edtica nos ha llevado a reducir dr\u00e1sticamente la emisi\u00f3n de gases contaminantes, nocivos o t\u00f3xicos.<\/p>\n<h3> RECICLAJE <\/h3> <p>Convertimos biorresiduos en proteinas y grasas de alta calidad para la industria del petfood, feed y aquafeed. Gracias a la recogida de estos biorresiduos en contenedores especiales alargamos su ciclo de vida, ahorramos materias primas y cuidamos el medio ambiente a trav\u00e9s de la menor emisi\u00f3n de gases.<\/p>","_links":{"self":[{"href":"https:\/\/selevpetindustry.com\/en\/wp-json\/wp\/v2\/pages\/164"}],"collection":[{"href":"https:\/\/selevpetindustry.com\/en\/wp-json\/wp\/v2\/pages"}],"about":[{"href":"https:\/\/selevpetindustry.com\/en\/wp-json\/wp\/v2\/types\/page"}],"author":[{"embeddable":true,"href":"https:\/\/selevpetindustry.com\/en\/wp-json\/wp\/v2\/users\/1"}],"replies":[{"embeddable":true,"href":"https:\/\/selevpetindustry.com\/en\/wp-json\/wp\/v2\/comments?post=164"}],"version-history":[{"count":39,"href":"https:\/\/selevpetindustry.com\/en\/wp-json\/wp\/v2\/pages\/164\/revisions"}],"predecessor-version":[{"id":694,"href":"https:\/\/selevpetindustry.com\/en\/wp-json\/wp\/v2\/pages\/164\/revisions\/694"}],"wp:attachment":[{"href":"https:\/\/selevpetindustry.com\/en\/wp-json\/wp\/v2\/media?parent=164"}],"curies":[{"name":"wp","href":"https:\/\/api.w.org\/{rel}","templated":true}]}}