{"id":170,"date":"2020-02-10T10:42:33","date_gmt":"2020-02-10T10:42:33","guid":{"rendered":"https:\/\/selevpetindustry.com.com\/?page_id=170"},"modified":"2020-03-13T08:16:19","modified_gmt":"2020-03-13T08:16:19","slug":"politica-de-calidad","status":"publish","type":"page","link":"https:\/\/selevpetindustry.com\/en\/politica-de-calidad\/","title":{"rendered":"Pol\u00edtica de calidad"},"content":{"rendered":"<div id=\"themify_builder_content-170\" data-postid=\"170\" class=\"themify_builder_content themify_builder_content-170 themify_builder\">\n    \t<!-- module_row -->\n\t<div   class=\"themify_builder_row module_row clearfix fullcover fullwidth_row_container module_row_0 themify_builder_170_row module_row_170-0 tb_eqsv384\">\n\t    <div class=\"builder_row_cover\"><\/div>\t    <div class=\"row_inner col_align_top\" >\n\t\t\t<div  class=\"module_column tb-column col-full first tb_170_column module_column_0 module_column_170-0-0 tb_55uf387\" >\n\t    \t    \t        <div class=\"tb-column-inner\">\n\t\t    <!-- module text -->\n<div  class=\"module module-text tb_11lf245\">\n            <div  class=\"tb_text_wrap\">\n    <h1>Quality and R&D<\/h1>    <\/div>\n<\/div>\n<!-- \/module text -->\n<!-- module text -->\n<div  class=\"module module-text tb_e4er968\">\n            <div  class=\"tb_text_wrap\">\n    <p style=\"text-align: left;\">Trust as the basis of progress<\/p>    <\/div>\n<\/div>\n<!-- \/module text -->\n\t        <\/div>\n\t    \t<\/div>\n\t\t    <\/div>\n\t    <!-- \/row_inner -->\n\t<\/div>\n\t<!-- \/module_row -->\n\t\t<!-- module_row -->\n\t<div   class=\"themify_builder_row module_row clearfix module_row_1 themify_builder_170_row module_row_170-1 tb_n07n826\">\n\t    \t    <div class=\"row_inner col_align_top\" >\n\t\t\t<div  class=\"module_column tb-column col-full first tb_170_column module_column_0 module_column_170-1-0 tb_sfiw826\">\n\t    \t    \t        <div class=\"tb-column-inner\">\n\t\t    <!-- module text -->\n<div  class=\"module module-text tb_3k1b875\">\n            <div  class=\"tb_text_wrap\">\n    <h1 style=\"text-align: center;\">QUALITY AND SAFETY FOR ANIMAL FEED<\/h1>    <\/div>\n<\/div>\n<!-- \/module text -->\n<!-- module text -->\n<div  class=\"module module-text tb_h95j729\">\n            <div  class=\"tb_text_wrap\">\n    <p style=\"text-align: center;\">It is really important that all the components necessary for the manufacture of animal food are healthy and balanced. Taking this as a challenge has turned Selev Pet Industry into a provider of animal proteins, oils and fats for the best and best-known brands in the sector.<\/p>    <\/div>\n<\/div>\n<!-- \/module text -->\n\t        <\/div>\n\t    \t<\/div>\n\t\t    <\/div>\n\t    <!-- \/row_inner -->\n\t<\/div>\n\t<!-- \/module_row -->\n\t\t<!-- module_row -->\n\t<div   class=\"themify_builder_row module_row clearfix module_row_2 themify_builder_170_row module_row_170-2 tb_3dze447\">\n\t    \t    <div class=\"row_inner col_align_top\" >\n\t\t\t<div  class=\"module_column tb-column col2-1 first tb_170_column module_column_0 module_column_170-2-0 tb_vo8o449\">\n\t    \t    \t        <div class=\"tb-column-inner\">\n\t\t    <!-- module text -->\n<div  class=\"module module-text tb_uh18937\">\n            <div  class=\"tb_text_wrap\">\n    <h3 style=\"text-align: center;\">Food traceability<\/h3>    <\/div>\n<\/div>\n<!-- \/module text -->\n<!-- module text -->\n<div  class=\"module module-text tb_pbqf427\">\n            <div  class=\"tb_text_wrap\">\n    <p style=\"text-align: center;\">We control the origin and transformation path of all our protein and fat production.<\/p>\n<p style=\"text-align: center;\">Our raw material comes from slaughterhouses and cutting rooms dedicated to human consumption, thus sharing its original traceability references.<\/p>    <\/div>\n<\/div>\n<!-- \/module text -->\n\t        <\/div>\n\t    \t<\/div>\n\t\t<div  class=\"module_column tb-column col2-1 last tb_170_column module_column_1 module_column_170-2-1 tb_3ut8449\" >\n\t    \t    \t        <div class=\"tb-column-inner\">\n\t\t    <!-- module text -->\n<div  class=\"module module-text tb_g6ej80\">\n            <div  class=\"tb_text_wrap\">\n    <h3 style=\"text-align: center;\">Permanent analysis<\/h3>    <\/div>\n<\/div>\n<!-- \/module text -->\n<!-- module text -->\n<div  class=\"module module-text tb_2ekf400\">\n            <div  class=\"tb_text_wrap\">\n    <p style=\"text-align: center;\">We have an advanced chemical laboratory for the constant and daily analysis of the protein indices and digestibility of our flours, their levels of fat and humidity, as well as the presence of histamines, ashes, peroxides and sulfuric acidity. We comply with the APPC protocol (Hazard Analysis and Critical Control Points) from the first phase of production to product storage and include repeated analysis using NIR (Near Infrared Spectroscopy) technology, which are very fast and precise.<\/p>    <\/div>\n<\/div>\n<!-- \/module text -->\n\t        <\/div>\n\t    \t<\/div>\n\t\t    <\/div>\n\t    <!-- \/row_inner -->\n\t<\/div>\n\t<!-- \/module_row -->\n\t<\/div>\n\n<!-- AddThis Advanced Settings generic via filter on the_content --><!-- AddThis Share Buttons generic via filter on the_content -->","protected":false},"excerpt":{"rendered":"<p>Calidad e I+D La confianza como base del progreso Calidad y seguridad para la alimentaci\u00f3n animal Es realmente importante que todos los componentes necesarios para la fabricaci\u00f3n de comida animal sean sanos y equilibrados. Asumir esto como un reto ha convertido a Selev Pet Industry en proveedor de prote\u00ednas, aceites y grasas de origen animal [&hellip;]<!-- AddThis Advanced Settings generic via filter on get_the_excerpt --><!-- AddThis Share Buttons generic via filter on get_the_excerpt --><\/p>","protected":false},"author":1,"featured_media":0,"parent":0,"menu_order":0,"comment_status":"closed","ping_status":"closed","template":"","meta":[],"yoast_head":"<!-- This site is optimized with the Yoast SEO plugin v15.9 - https:\/\/yoast.com\/wordpress\/plugins\/seo\/ -->\n<title>Pol\u00edtica de calidad - Selev<\/title>\n<meta name=\"robots\" content=\"index, follow, max-snippet:-1, max-image-preview:large, max-video-preview:-1\" \/>\n<link rel=\"canonical\" href=\"https:\/\/selevpetindustry.com\/politica-de-calidad\/\" \/>\n<meta property=\"og:locale\" content=\"en_GB\" \/>\n<meta property=\"og:type\" content=\"article\" \/>\n<meta property=\"og:title\" content=\"Pol\u00edtica de calidad - Selev\" \/>\n<meta property=\"og:description\" content=\"Calidad e I+D La confianza como base del progreso Calidad y seguridad para la alimentaci\u00f3n animal Es realmente importante que todos los componentes necesarios para la fabricaci\u00f3n de comida animal sean sanos y equilibrados. Asumir esto como un reto ha convertido a Selev Pet Industry en proveedor de prote\u00ednas, aceites y grasas de origen animal [&hellip;]\" \/>\n<meta property=\"og:url\" content=\"https:\/\/selevpetindustry.com\/politica-de-calidad\/\" \/>\n<meta property=\"og:site_name\" content=\"Selev\" \/>\n<meta property=\"article:publisher\" content=\"https:\/\/www.facebook.com\/SELEV-743333699110370\/\" \/>\n<meta property=\"article:modified_time\" content=\"2020-03-13T08:16:19+00:00\" \/>\n<meta name=\"twitter:card\" content=\"summary_large_image\" \/>\n<meta name=\"twitter:site\" content=\"@Selev_pet\" \/>\n<meta name=\"twitter:label1\" content=\"Estimated reading time\">\n\t<meta name=\"twitter:data1\" content=\"1 minute\">\n<script type=\"application\/ld+json\" class=\"yoast-schema-graph\">{\"@context\":\"https:\/\/schema.org\",\"@graph\":[{\"@type\":\"WebSite\",\"@id\":\"https:\/\/selevpetindustry.com\/#website\",\"url\":\"https:\/\/selevpetindustry.com\/\",\"name\":\"Selev\",\"description\":\"Calidad sostenible\",\"potentialAction\":[{\"@type\":\"SearchAction\",\"target\":\"https:\/\/selevpetindustry.com\/?s={search_term_string}\",\"query-input\":\"required name=search_term_string\"}],\"inLanguage\":\"en-GB\"},{\"@type\":\"WebPage\",\"@id\":\"https:\/\/selevpetindustry.com\/politica-de-calidad\/#webpage\",\"url\":\"https:\/\/selevpetindustry.com\/politica-de-calidad\/\",\"name\":\"Pol\\u00edtica de calidad - Selev\",\"isPartOf\":{\"@id\":\"https:\/\/selevpetindustry.com\/#website\"},\"datePublished\":\"2020-02-10T10:42:33+00:00\",\"dateModified\":\"2020-03-13T08:16:19+00:00\",\"breadcrumb\":{\"@id\":\"https:\/\/selevpetindustry.com\/politica-de-calidad\/#breadcrumb\"},\"inLanguage\":\"en-GB\",\"potentialAction\":[{\"@type\":\"ReadAction\",\"target\":[\"https:\/\/selevpetindustry.com\/politica-de-calidad\/\"]}]},{\"@type\":\"BreadcrumbList\",\"@id\":\"https:\/\/selevpetindustry.com\/politica-de-calidad\/#breadcrumb\",\"itemListElement\":[{\"@type\":\"ListItem\",\"position\":1,\"item\":{\"@type\":\"WebPage\",\"@id\":\"https:\/\/selevpetindustry.com\/\",\"url\":\"https:\/\/selevpetindustry.com\/\",\"name\":\"Portada\"}},{\"@type\":\"ListItem\",\"position\":2,\"item\":{\"@type\":\"WebPage\",\"@id\":\"https:\/\/selevpetindustry.com\/politica-de-calidad\/\",\"url\":\"https:\/\/selevpetindustry.com\/politica-de-calidad\/\",\"name\":\"Pol\\u00edtica de calidad\"}}]}]}<\/script>\n<!-- \/ Yoast SEO plugin. -->","builder_content":"<h1>Calidad e I+D<\/h1>\n<p style=\"text-align: left;\">La confianza como base del progreso<\/p>\n<h1 style=\"text-align: center;\">Calidad y seguridad para la alimentaci\u00f3n animal<\/h1>\n<p style=\"text-align: center;\">Es realmente importante que todos los componentes necesarios para la fabricaci\u00f3n de comida animal sean sanos y equilibrados. Asumir esto como un reto ha convertido a Selev Pet Industry en proveedor de prote\u00ednas, aceites y grasas de origen animal para las mejores y m\u00e1s conocidas marcas del sector.<\/p>\n<h3 style=\"text-align: center;\">Trazabilidad alimentaria<\/h3>\n<p style=\"text-align: center;\">Controlamos el origen y trayecto de transformaci\u00f3n de toda nuestra producci\u00f3n de prote\u00ednas y grasas.<\/p> <p style=\"text-align: center;\">Nuestra materia prima procede de mataderos y salas de despiece dedicadas al consumo humano, compartiendo as\u00ed sus referencias originales de trazabilidad.<\/p>\n<h3 style=\"text-align: center;\">An\u00e1lisis permanente<\/h3>\n<p style=\"text-align: center;\">Disponemos de un avanzado laboratorio de v\u00eda qu\u00edmica para el an\u00e1lisis constante y diario de los \u00edndices proteicos y la digestibilidad de nuestras harinas, sus niveles de grasa y humedad, as\u00ed como la presencia de histaminas, cenizas, per\u00f3xidos y acidez sulf\u00farica. Cumplimos el protocolo APPC (An\u00e1lisis de Peligros y Puntos Cr\u00edticos de Control) desde la primera fase de producci\u00f3n hasta el almacenaje del producto e incluyen reiterados an\u00e1lisis por tecnolog\u00eda NIR (Espectroscopia del Infrarrojo Cercano), de gran rapidez y precisi\u00f3n.<\/p>","_links":{"self":[{"href":"https:\/\/selevpetindustry.com\/en\/wp-json\/wp\/v2\/pages\/170"}],"collection":[{"href":"https:\/\/selevpetindustry.com\/en\/wp-json\/wp\/v2\/pages"}],"about":[{"href":"https:\/\/selevpetindustry.com\/en\/wp-json\/wp\/v2\/types\/page"}],"author":[{"embeddable":true,"href":"https:\/\/selevpetindustry.com\/en\/wp-json\/wp\/v2\/users\/1"}],"replies":[{"embeddable":true,"href":"https:\/\/selevpetindustry.com\/en\/wp-json\/wp\/v2\/comments?post=170"}],"version-history":[{"count":9,"href":"https:\/\/selevpetindustry.com\/en\/wp-json\/wp\/v2\/pages\/170\/revisions"}],"predecessor-version":[{"id":661,"href":"https:\/\/selevpetindustry.com\/en\/wp-json\/wp\/v2\/pages\/170\/revisions\/661"}],"wp:attachment":[{"href":"https:\/\/selevpetindustry.com\/en\/wp-json\/wp\/v2\/media?parent=170"}],"curies":[{"name":"wp","href":"https:\/\/api.w.org\/{rel}","templated":true}]}}