{"id":508,"date":"2020-02-25T15:33:11","date_gmt":"2020-02-25T15:33:11","guid":{"rendered":"https:\/\/selevpetindustry.com.com\/pet-food-copy\/"},"modified":"2020-04-02T08:34:04","modified_gmt":"2020-04-02T08:34:04","slug":"aquafeed","status":"publish","type":"page","link":"https:\/\/selevpetindustry.com\/en\/aquafeed\/","title":{"rendered":"Aquafeed"},"content":{"rendered":"<div id=\"themify_builder_content-508\" data-postid=\"508\" class=\"themify_builder_content themify_builder_content-508 themify_builder\">\n    \t<!-- module_row -->\n\t<div   class=\"themify_builder_row module_row clearfix fullcover module_row_0 themify_builder_508_row module_row_508-0 tb_dcna368\">\n\t    \t    <div class=\"row_inner col_align_top\" >\n\t\t\t<div  class=\"module_column tb-column col4-2 first tb_508_column module_column_0 module_column_508-0-0 tb_8fxe307\" >\n\t    \t    \t        <div class=\"tb-column-inner\">\n\t\t    <!-- module text -->\n<div  class=\"module module-text tb_5x7z760\">\n            <div  class=\"tb_text_wrap\">\n    <h1>Aquafeed<\/h1>    <\/div>\n<\/div>\n<!-- \/module text -->\n\t        <\/div>\n\t    \t<\/div>\n\t\t<div  class=\"module_column tb-column col4-2 last tb_508_column module_column_1 module_column_508-0-1 tb_fgqz700 repeat\" >\n\t    \t    \t<\/div>\n\t\t    <\/div>\n\t    <!-- \/row_inner -->\n\t<\/div>\n\t<!-- \/module_row -->\n\t\t<!-- module_row -->\n\t<div   class=\"themify_builder_row module_row clearfix repeat fullwidth module_row_1 themify_builder_508_row module_row_508-1 tb_wkfe776\">\n\t    \t    <div class=\"row_inner col_align_top\" >\n\t\t\t<div  class=\"module_column tb-column col-full first tb_508_column module_column_0 module_column_508-1-0 tb_my7c303\" >\n\t    \t    \t        <div class=\"tb-column-inner\">\n\t\t    <!-- module text -->\n<div  class=\"module module-text tb_qtq8560\">\n            <div  class=\"tb_text_wrap\">\n    <h4>PREMIUM PROTEINS<\/h4>    <\/div>\n<\/div>\n<!-- \/module text -->\n<!-- module text -->\n<div  class=\"module module-text tb_090c280\">\n            <div  class=\"tb_text_wrap\">\n    <h4>HIGH QUALITY AND ESPECIALLY DESIGNED FOR AQUACULTURE<\/h4>    <\/div>\n<\/div>\n<!-- \/module text -->\n<!-- module text -->\n<div  class=\"module module-text tb_1z8c777\">\n            <div  class=\"tb_text_wrap\">\n    <p>Our specific aquaculture proteins provides a continuous source of essential nutrients for raising aquatic species. With a high protein value, high palatability and a pleasant odor, it allows the manufacture of tastier and better digestible feed. Among our clients are the European leaders in the manufacture of feed for aquaculture.<\/p>    <\/div>\n<\/div>\n<!-- \/module text -->\n\t        <\/div>\n\t    \t<\/div>\n\t\t    <\/div>\n\t    <!-- \/row_inner -->\n\t<\/div>\n\t<!-- \/module_row -->\n\t\t<!-- module_row -->\n\t<div   class=\"themify_builder_row module_row clearfix fullcover fullwidth module_row_2 themify_builder_508_row module_row_508-2 tb_y8ad779\">\n\t    \t    <div class=\"row_inner col_align_top gutter-none\"   data-mobile_dir=\"rtl\" data-basecol=\"2\" data-col_mobile=\"column-full\">\n\t\t\t<div  class=\"module_column tb-column col4-2 first tb_508_column module_column_0 module_column_508-2-0 tb_pgfb060\" style=\"width: 48%\">\n\t    \t    \t        <div class=\"tb-column-inner\">\n\t\t    <!-- module text -->\n<div  class=\"module module-text tb_p52w639\">\n            <div  class=\"tb_text_wrap\">\n    <h3>Our experience supports us<\/h3>\n<p>Our long experience of more than 40 years as suppliers of high quality transformed animal proteins allows us to offer a wide variety of high-level products, as well as to provide customized products, giving specific solutions to the needs of our clients.<\/p>    <\/div>\n<\/div>\n<!-- \/module text -->\n\t        <\/div>\n\t    \t<\/div>\n\t\t<div  class=\"module_column tb-column col4-2 last tb_508_column module_column_1 module_column_508-2-1 tb_ltk3976 fullcover\" style=\"width: 52%\" >\n\t    \t    \t        <div class=\"tb-column-inner\">\n\t\t    <!-- module plain text -->\n<div  class=\"module module-plain-text tb_errx140\">\n        <div class=\"tb_text_wrap\" >\n\t    <\/div>\n<\/div>\n<!-- \/module plain text -->\t        <\/div>\n\t    \t<\/div>\n\t\t    <\/div>\n\t    <!-- \/row_inner -->\n\t<\/div>\n\t<!-- \/module_row -->\n\t\t<!-- module_row -->\n\t<div   class=\"themify_builder_row module_row clearfix repeat fullwidth module_row_3 themify_builder_508_row module_row_508-3 tb_onbi303\">\n\t    \t    <div class=\"row_inner col_align_top\" >\n\t\t\t<div  class=\"module_column tb-column col-full first tb_508_column module_column_0 module_column_508-3-0 tb_9odc505\" >\n\t    \t    \t        <div class=\"tb-column-inner\">\n\t\t    <!-- module text -->\n<div  class=\"module module-text tb_1p5m706\">\n            <div  class=\"tb_text_wrap\">\n    <h4>PRODUCTS<\/h4>    <\/div>\n<\/div>\n<!-- \/module text -->\n    <!-- module divider -->\n    <div  class=\"module module-divider tb_uzi2886 solid   divider-custom divider-center\" style=\"border-width: 3px;border-color: #e6e6e6;margin-top: -19px;margin-bottom: 22px;width: 300px;\">\n\t            <\/div>\n    <!-- \/module divider -->\n\t        <\/div>\n\t    \t<\/div>\n\t\t    <\/div>\n\t    <!-- \/row_inner -->\n\t<\/div>\n\t<!-- \/module_row -->\n\t\t<!-- module_row -->\n\t<div   class=\"themify_builder_row module_row clearfix fullwidth module_row_4 themify_builder_508_row module_row_508-4 tb_2v9u622\">\n\t    \t    <div class=\"row_inner col_align_top\" >\n\t\t\t<div  class=\"module_column tb-column col4-2 first tb_508_column module_column_0 module_column_508-4-0 tb_asxc660\">\n\t    \t    \t        <div class=\"tb-column-inner\">\n\t\t    <!-- module text -->\n<div  class=\"module module-text tb_5giy382\">\n            <div  class=\"tb_text_wrap\">\n    <h4>FLOURS<\/h4>    <\/div>\n<\/div>\n<!-- \/module text -->\n<!-- module text -->\n<div  class=\"module module-text tb_vtnp683\">\n            <div  class=\"tb_text_wrap\">\n    <p>Our flours of animal origin are added to cereals to complete and balance the nutritional values of feed designed for pets.<\/p>\n<p>AVE flours are considered a source of protein with a high biological value, a very high digestibility coefficient, in addition to providing minerals and vitamins, mainly B12.<\/p>    <\/div>\n<\/div>\n<!-- \/module text -->\n<!-- module text -->\n<div  class=\"module module-text tb_jng6663\">\n            <div  class=\"tb_text_wrap\">\n    <h5>Our range:<\/h5>\n<p>AVE Low Ash flour<\/p>\n<p>AVE Medium flour Standard<\/p>\n<p>AVE flour (17%) Standard<\/p>\n<p>Harina de AVE Estandar<\/p>\n<p>AVE flour Feather Flour (80%)<\/p>\n<p>Harina de Sangre AVE (92%)<\/p>    <\/div>\n<\/div>\n<!-- \/module text -->\n\t        <\/div>\n\t    \t<\/div>\n\t\t<div  class=\"module_column tb-column col4-2 last tb_508_column module_column_1 module_column_508-4-1 tb_yc7i020\" >\n\t    \t    \t        <div class=\"tb-column-inner\">\n\t\t    <!-- module text -->\n<div  class=\"module module-text tb_mk7q636\">\n            <div  class=\"tb_text_wrap\">\n    <h4>FATS<\/h4>    <\/div>\n<\/div>\n<!-- \/module text -->\n<!-- module text -->\n<div  class=\"module module-text tb_0yfz630\">\n            <div  class=\"tb_text_wrap\">\n    <p>Our animal fats of the highest quality are a source of energy and resistance for the elaboration of the different types of feed that our customers elaborate.<\/p>\n<p>Our fats are a perfect complement for them.<\/p>    <\/div>\n<\/div>\n<!-- \/module text -->\n<!-- module text -->\n<div  class=\"module module-text tb_fogt033\">\n            <div  class=\"tb_text_wrap\">\n    <h5>Our range:<\/h5>\n<p>AVE fat<\/p>    <\/div>\n<\/div>\n<!-- \/module text -->\n\t        <\/div>\n\t    \t<\/div>\n\t\t    <\/div>\n\t    <!-- \/row_inner -->\n\t<\/div>\n\t<!-- \/module_row -->\n\t\t<!-- module_row -->\n\t<div   class=\"themify_builder_row module_row clearfix repeat fullwidth_row_container module_row_5 themify_builder_508_row module_row_508-5 tb_tlt7868\">\n\t    \t    <div class=\"row_inner col_align_top\" >\n\t\t\t<div  class=\"module_column tb-column col-full first tb_508_column module_column_0 module_column_508-5-0 tb_3tmj060\">\n\t    \t    \t        <div class=\"tb-column-inner\">\n\t\t    <!-- module template_part -->\n<div  class=\"module module-layout-part tb_xfw2868\">\n    <div class=\"themify_builder_content themify_builder_content-460 themify_builder not_editable_builder in_the_loop\" data-postid=\"460\">\n    \t<!-- module_row -->\n\t<div   class=\"themify_builder_row module_row clearfix repeat module_row_0 themify_builder_460_row module_row_460-0 tb_s1te655\">\n\t    \t    <div class=\"row_inner col_align_top\" >\n\t\t\t<div  class=\"module_column tb-column col-full first tb_460_column module_column_0 module_column_460-0-0 tb_qm1w655\">\n\t    \t    \t        <div class=\"tb-column-inner\">\n\t\t    <!-- module text -->\n<div  class=\"module module-text tb_5vj6655  repeat\">\n            <div  class=\"tb_text_wrap\">\n    <h2>ASK FOR MORE INFORMATION<\/h2>\n<h2>Contact us<\/h2>    <\/div>\n<\/div>\n<!-- \/module text -->\n<!-- module text -->\n<div  class=\"module module-text tb_kl43655  repeat\">\n            <div  class=\"tb_text_wrap\">\n    <p>Our commercial and technical team is at your entire disposal.<\/p>    <\/div>\n<\/div>\n<!-- \/module text -->\n<script type=\"text\/javascript\">\n\t\t\t\t\t\t\t\t\tvar id =\"contact-css\";\n\t\t\t\t\t\t\t\t\tif(document.getElementById(id)===null){\n\t\t\t\t\t\t\t\t\t    var link = document.createElement(\"link\");\n\t\t\t\t\t\t\t\t\t    link.rel=\"stylesheet\";\n\t\t\t\t\t\t\t\t\t    link.type=\"text\/css\";\n\t\t\t\t\t\t\t\t\t    link.id=id;\n\t\t\t\t\t\t\t\t\t    link.href=\"https:\/\/selevpetindustry.com\/wp-content\/plugins\/builder-contact\/assets\/style.min.css?ver=1.4.1\";\n\t\t\t\t\t\t\t\t\t    document.body.appendChild(link);\n\t\t\t\t\t\t\t\t\t}\n\t\t\t\t\t\t\t<\/script>    <!-- module contact -->\n    <div  id=\"contact-460-0-0-2\" class=\"module module-contact contact-460-0-0-2 contact-style2   tb_c34a655\">\n\t        \n        \n        <form action=\"https:\/\/selevpetindustry.com\/wp-admin\/admin-ajax.php\" class=\"builder-contact\" id=\"contact-460-0-0-2-form\" method=\"post\" data-trp-original-action=\"https:\/\/selevpetindustry.com\/wp-admin\/admin-ajax.php\">\n            <div class=\"contact-message\"><\/div>\n\t    <div class=\"builder-contact-fields\">\n\t                    <div class=\"builder-contact-field builder-contact-field-name builder-contact-text-field\" data-order=\"\">\n                    <label class=\"control-label\" for=\"contact-460-0-0-2-contact-name\"><span class=\"tb-label-span\">Name <\/span><\/label>\n                    <div class=\"control-input\">\n                        <input type=\"text\" name=\"contact-name\" placeholder=\"\" id=\"contact-460-0-0-2-contact-name\" value=\"\" class=\"form-control\" \/>\n                    <\/div>\n                <\/div>\n\t    \t                    <div class=\"builder-contact-field builder-contact-field-email builder-contact-text-field\" data-order=\"\">\n                    <label class=\"control-label\" for=\"contact-460-0-0-2-contact-email\"><span class=\"tb-label-span\">Email <\/span><\/label>\n                    <div class=\"control-input\">\n                        <input type=\"text\" name=\"contact-email\" placeholder=\"\" id=\"contact-460-0-0-2-contact-email\" value=\"\" class=\"form-control\"  \/>\n                    <\/div>\n                <\/div>\n\t    \t                        <div class=\"builder-contact-field builder-contact-field-subject builder-contact-text-field\" data-order=\"\">\n                        <label class=\"control-label\" for=\"contact-460-0-0-2-contact-subject\"><span class=\"tb-label-span\">Subject<\/span> <span class=\"required\">*<\/span><\/label>\n                        <div class=\"control-input\">\n                            <input type=\"text\" name=\"contact-subject\" placeholder=\"\" id=\"contact-460-0-0-2-contact-subject\" value=\"\" class=\"form-control\" required \/>\n                        <\/div>\n                    <\/div>\n                \n\t\t\t\t    <div class=\"builder-contact-field builder-contact-field-message builder-contact-textarea-field\" data-order=\"\">\n\t\t\t<label class=\"control-label\" for=\"contact-460-0-0-2-contact-message\"><span class=\"tb-label-span\">Message <\/span><span class=\"required\">*<\/span><\/label>\n\t\t\t<div class=\"control-input\">\n\t\t\t    <textarea name=\"contact-message\" placeholder=\"\" id=\"contact-460-0-0-2-contact-message\" rows=\"8\" cols=\"45\" class=\"form-control\" required><\/textarea>\n\t\t\t<\/div>\n\t\t    <\/div>\n\t\t\n                                                    \t\t\t\t\n                \n\t\t\t\t\n\t\t\t\t\n                \n                <div class=\"builder-contact-field builder-contact-field-send\" data-order=\"10000\">\n                    <div class=\"control-input builder-contact-field-send-left\">\n                        <button type=\"submit\" class=\"btn btn-primary\"> <i class=\"fa fa-cog fa-spin\"><\/i> Send <\/button>\n                    <\/div>\n                <\/div>\n            <\/div>\n            <script type=\"text\/html\" class=\"builder-contact-form-data\">YToxNDp7czo2OiJzZW5kdG8iO3M6MTQ6InNlbGV2QHNlbGV2LmVzIjtzOjIwOiJzcGVjaWZ5X2Zyb21fYWRkcmVzcyI7czowOiIiO3M6MTQ6InNlbmRfdG9fYWRtaW5zIjtiOjA7czoyMToic3BlY2lmeV9lbWFpbF9hZGRyZXNzIjtzOjA6IiI7czozOiJiY2MiO3M6MDoiIjtzOjE2OiJhY3RpdmVfYmNjX2VtYWlsIjtzOjA6IiI7czoxNToiZGVmYXVsdF9zdWJqZWN0IjtzOjA6IiI7czoxMToic3VjY2Vzc191cmwiO3M6MDoiIjtzOjk6InBvc3RfdHlwZSI7czowOiIiO3M6MTE6InBvc3RfYXV0aG9yIjtiOjA7czoyMDoic3VjY2Vzc19tZXNzYWdlX3RleHQiO3M6MjQ6Ik1lc3NhZ2Ugc2VudC4gVGhhbmsgeW91LiI7czoxNzoiY29udGFjdF9zZW50X2Zyb20iO3M6NjoiZW5hYmxlIjtzOjIwOiJjb250YWN0X25hbWVfcmVxdWlyZSI7YjowO3M6MjE6ImNvbnRhY3RfZW1haWxfcmVxdWlyZSI7YjowO30=<\/script>\n            <script type=\"text\/javascript\">\n\t\t\t\t\/\/ To load orders instantly, even don't wait for document ready\n\t\t\t\t(function($){\n\t\t\t\t\tvar mylist = $('#contact-460-0-0-2').first().find('.builder-contact-fields'),\n                                            listitems = mylist.children('div').get();\n\n\t\t\t\t\tlistitems.sort(function (a, b) {\n\t\t\t\t\t\tvar compA = $(a).attr('data-order') ? parseInt( $(a).attr('data-order') ) : $(a).index(),\n                                                    compB = $(b).attr('data-order') ? parseInt( $(b).attr('data-order') ) : $(b).index();\n\t\t\t\t\t\treturn ( compA < compB ) ? -1 : ( compA > compB ) ? 1 : 0;\n\t\t\t\t\t});\n\t\t\t\t\t$.each(listitems, function (idx, itm) {\n\t\t\t\t\t\tmylist.append(itm);\n\t\t\t\t\t});\n\t\t\t\t})(jQuery);\n\t\t\t<\/script>\n        <input type=\"hidden\" name=\"trp-form-language\" value=\"en\"\/><\/form>\n\n            <\/div>\n    <!-- \/module contact -->\n\t        <\/div>\n\t    \t<\/div>\n\t\t    <\/div>\n\t    <!-- \/row_inner -->\n\t<\/div>\n\t<!-- \/module_row -->\n\t<\/div>\n<\/div>\n<!-- \/module template_part -->\n\t        <\/div>\n\t    \t<\/div>\n\t\t    <\/div>\n\t    <!-- \/row_inner -->\n\t<\/div>\n\t<!-- \/module_row -->\n\t<\/div>\n\n<!-- AddThis Advanced Settings generic via filter on the_content --><!-- AddThis Share Buttons generic via filter on the_content -->","protected":false},"excerpt":{"rendered":"<p>Aquafeed Prote\u00ednas Premium de alta calidad y especialmente dise\u00f1adas para la acuicultura Nuestras prote\u00ednas especialmente dise\u00f1adas para la acuicultura proporcionan una fuente continua de nutrientes esenciales para la crianza de especies acu\u00e1ticas. Con un alto valor proteico, una elevada palatabilidad y un agradable olor permite la fabricaci\u00f3n de piensos m\u00e1s sabrosos y de mejor digestibilidad. [&hellip;]<!-- AddThis Advanced Settings generic via filter on get_the_excerpt --><!-- AddThis Share Buttons generic via filter on get_the_excerpt --><\/p>","protected":false},"author":1,"featured_media":0,"parent":0,"menu_order":0,"comment_status":"closed","ping_status":"closed","template":"","meta":[],"yoast_head":"<!-- This site is optimized with the Yoast SEO plugin v15.9 - https:\/\/yoast.com\/wordpress\/plugins\/seo\/ -->\n<title>Aquafeed - Selev<\/title>\n<meta name=\"robots\" content=\"index, follow, max-snippet:-1, max-image-preview:large, max-video-preview:-1\" \/>\n<link rel=\"canonical\" href=\"https:\/\/selevpetindustry.com\/aquafeed\/\" \/>\n<meta property=\"og:locale\" content=\"en_GB\" \/>\n<meta property=\"og:type\" content=\"article\" \/>\n<meta property=\"og:title\" content=\"Aquafeed - Selev\" \/>\n<meta property=\"og:description\" content=\"Aquafeed Prote\u00ednas Premium de alta calidad y especialmente dise\u00f1adas para la acuicultura Nuestras prote\u00ednas especialmente dise\u00f1adas para la acuicultura proporcionan una fuente continua de nutrientes esenciales para la crianza de especies acu\u00e1ticas. Con un alto valor proteico, una elevada palatabilidad y un agradable olor permite la fabricaci\u00f3n de piensos m\u00e1s sabrosos y de mejor digestibilidad. [&hellip;]\" \/>\n<meta property=\"og:url\" content=\"https:\/\/selevpetindustry.com\/aquafeed\/\" \/>\n<meta property=\"og:site_name\" content=\"Selev\" \/>\n<meta property=\"article:publisher\" content=\"https:\/\/www.facebook.com\/SELEV-743333699110370\/\" \/>\n<meta property=\"article:modified_time\" content=\"2020-04-02T08:34:04+00:00\" \/>\n<meta name=\"twitter:card\" content=\"summary_large_image\" \/>\n<meta name=\"twitter:site\" content=\"@Selev_pet\" \/>\n<meta name=\"twitter:label1\" content=\"Estimated reading time\">\n\t<meta name=\"twitter:data1\" content=\"1 minute\">\n<script type=\"application\/ld+json\" class=\"yoast-schema-graph\">{\"@context\":\"https:\/\/schema.org\",\"@graph\":[{\"@type\":\"WebSite\",\"@id\":\"https:\/\/selevpetindustry.com\/#website\",\"url\":\"https:\/\/selevpetindustry.com\/\",\"name\":\"Selev\",\"description\":\"Calidad sostenible\",\"potentialAction\":[{\"@type\":\"SearchAction\",\"target\":\"https:\/\/selevpetindustry.com\/?s={search_term_string}\",\"query-input\":\"required name=search_term_string\"}],\"inLanguage\":\"en-GB\"},{\"@type\":\"WebPage\",\"@id\":\"https:\/\/selevpetindustry.com\/aquafeed\/#webpage\",\"url\":\"https:\/\/selevpetindustry.com\/aquafeed\/\",\"name\":\"Aquafeed - Selev\",\"isPartOf\":{\"@id\":\"https:\/\/selevpetindustry.com\/#website\"},\"datePublished\":\"2020-02-25T15:33:11+00:00\",\"dateModified\":\"2020-04-02T08:34:04+00:00\",\"breadcrumb\":{\"@id\":\"https:\/\/selevpetindustry.com\/aquafeed\/#breadcrumb\"},\"inLanguage\":\"en-GB\",\"potentialAction\":[{\"@type\":\"ReadAction\",\"target\":[\"https:\/\/selevpetindustry.com\/aquafeed\/\"]}]},{\"@type\":\"BreadcrumbList\",\"@id\":\"https:\/\/selevpetindustry.com\/aquafeed\/#breadcrumb\",\"itemListElement\":[{\"@type\":\"ListItem\",\"position\":1,\"item\":{\"@type\":\"WebPage\",\"@id\":\"https:\/\/selevpetindustry.com\/\",\"url\":\"https:\/\/selevpetindustry.com\/\",\"name\":\"Portada\"}},{\"@type\":\"ListItem\",\"position\":2,\"item\":{\"@type\":\"WebPage\",\"@id\":\"https:\/\/selevpetindustry.com\/aquafeed\/\",\"url\":\"https:\/\/selevpetindustry.com\/aquafeed\/\",\"name\":\"Aquafeed\"}}]}]}<\/script>\n<!-- \/ Yoast SEO plugin. -->","builder_content":"<h1>Aquafeed<\/h1>\n<h4>Prote\u00ednas Premium<\/h4>\n<h4>de alta calidad y especialmente dise\u00f1adas para la acuicultura<\/h4>\n<p>Nuestras prote\u00ednas especialmente dise\u00f1adas para la acuicultura proporcionan una fuente continua de nutrientes esenciales para la crianza de especies acu\u00e1ticas. Con un alto valor proteico, una elevada palatabilidad y un agradable olor permite la fabricaci\u00f3n de piensos m\u00e1s sabrosos y de mejor digestibilidad. Entre nuestros clientes se encuentran los l\u00edderes europeos en la fabricaci\u00f3n de piensos para acuicultura.<\/p>\n<h3>Nuestra experiencia nos avala<\/h3> <p>Nuestra larga experiencia de m\u00e1s de 40 a\u00f1os como proveedores de prote\u00ednas animales transformadas de alta calidad nos permite ofrecer una amplia variedad de productos de gran nivel, as\u00ed como fabricar a medida, dando soluciones espec\u00edficas a las necesidades de nuestros clientes.<\/p>\n\n<h4>PRODUCTOS<\/h4>\n\n<h4>Harinas<\/h4>\n<p>Nuestras harinas de origen animal se suman a los cereales para completar y equilibrar los valores nutricionales de los piensos concebidos para mascotas.<\/p> <p>Las harinas de AVE es considerada una fuente de prote\u00edna con alto valor biol\u00f3gico, un coeficiente de digestibilidad muy alto adem\u00e1s de proporcionar minerales y vitaminas, principalmente B12.<\/p>\n<h5>Nuestra gama:<\/h5> <p>Harina de AVE Low Ash<\/p> <p>Harina de AVE Medium<\/p> <p>Harina de AVE Estandar (17%)<\/p> <p>Harina de AVE Estandar<\/p> <p>Harina de Pluma (80%)<\/p> <p>Harina de Sangre AVE (92%)<\/p>\n<h4>Grasas<\/h4>\n<p>Nuestras grasas animales de la m\u00e1s alta calidad son fuente de energ\u00eda y resistencia para la elaboraci\u00f3n de los diferentes tipos de piensos que elaboran nuestros clientes.<\/p> <p>Nuestras grasas suponen un complemento perfecto para ellos.<\/p>\n<h5>Nuestra gama:<\/h5> <p>Grasa de AVE<\/p>\n<h2>PIDE M\u00c1S INFORMACI\u00d3N<\/h2> <h2>Contacta con nosotros<\/h2> \n <p>Nuestro equipo comercial y t\u00e9cnico est\u00e1 a tu entera disposici\u00f3n.<\/p> \n <form action=\"https:\/\/selevpetindustry.com\/wp-admin\/admin-ajax.php\" id=\"contact-460-0-0-2-form\" method=\"post\"> <label for=\"contact-460-0-0-2-contact-name\">Nombre <\/label> <input type=\"text\" name=\"contact-name\" placeholder=\"\" id=\"contact-460-0-0-2-contact-name\" value=\"\" \/> <label for=\"contact-460-0-0-2-contact-email\">Email <\/label> <input type=\"text\" name=\"contact-email\" placeholder=\"\" id=\"contact-460-0-0-2-contact-email\" value=\"\" \/> <label for=\"contact-460-0-0-2-contact-subject\">Asunto *<\/label> <input type=\"text\" name=\"contact-subject\" placeholder=\"\" id=\"contact-460-0-0-2-contact-subject\" value=\"\" required \/> <label for=\"contact-460-0-0-2-contact-message\">Mensaje *<\/label> <textarea name=\"contact-message\" placeholder=\"\" id=\"contact-460-0-0-2-contact-message\" rows=\"8\" cols=\"45\" required><\/textarea> <button type=\"submit\"> Enviar <\/button> <\/form>","_links":{"self":[{"href":"https:\/\/selevpetindustry.com\/en\/wp-json\/wp\/v2\/pages\/508"}],"collection":[{"href":"https:\/\/selevpetindustry.com\/en\/wp-json\/wp\/v2\/pages"}],"about":[{"href":"https:\/\/selevpetindustry.com\/en\/wp-json\/wp\/v2\/types\/page"}],"author":[{"embeddable":true,"href":"https:\/\/selevpetindustry.com\/en\/wp-json\/wp\/v2\/users\/1"}],"replies":[{"embeddable":true,"href":"https:\/\/selevpetindustry.com\/en\/wp-json\/wp\/v2\/comments?post=508"}],"version-history":[{"count":13,"href":"https:\/\/selevpetindustry.com\/en\/wp-json\/wp\/v2\/pages\/508\/revisions"}],"predecessor-version":[{"id":685,"href":"https:\/\/selevpetindustry.com\/en\/wp-json\/wp\/v2\/pages\/508\/revisions\/685"}],"wp:attachment":[{"href":"https:\/\/selevpetindustry.com\/en\/wp-json\/wp\/v2\/media?parent=508"}],"curies":[{"name":"wp","href":"https:\/\/api.w.org\/{rel}","templated":true}]}}