{"id":529,"date":"2020-02-25T15:55:46","date_gmt":"2020-02-25T15:55:46","guid":{"rendered":"https:\/\/selevpetindustry.com.com\/feed-copy\/"},"modified":"2020-04-02T08:38:03","modified_gmt":"2020-04-02T08:38:03","slug":"grasas-industriales","status":"publish","type":"page","link":"https:\/\/selevpetindustry.com\/en\/grasas-industriales\/","title":{"rendered":"Industrial fats"},"content":{"rendered":"<p><\/p>\n\n\n<div id=\"themify_builder_content-529\" data-postid=\"529\" class=\"themify_builder_content themify_builder_content-529 themify_builder\">\n    \t<!-- module_row -->\n\t<div   class=\"themify_builder_row module_row clearfix fullcover module_row_0 themify_builder_529_row module_row_529-0 tb_f9sv660\">\n\t    \t    <div class=\"row_inner col_align_top\" >\n\t\t\t<div  class=\"module_column tb-column col4-2 first tb_529_column module_column_0 module_column_529-0-0 tb_ehk6556\" >\n\t    \t    \t        <div class=\"tb-column-inner\">\n\t\t    <!-- module text -->\n<div  class=\"module module-text tb_sy2e368\">\n            <div  class=\"tb_text_wrap\">\n    <h1>Industrial fats<\/h1>    <\/div>\n<\/div>\n<!-- \/module text -->\n\t        <\/div>\n\t    \t<\/div>\n\t\t<div  class=\"module_column tb-column col4-2 last tb_529_column module_column_1 module_column_529-0-1 tb_or9z665 repeat\" >\n\t    \t    \t<\/div>\n\t\t    <\/div>\n\t    <!-- \/row_inner -->\n\t<\/div>\n\t<!-- \/module_row -->\n\t\t<!-- module_row -->\n\t<div   class=\"themify_builder_row module_row clearfix repeat fullwidth module_row_1 themify_builder_529_row module_row_529-1 tb_isuf707\">\n\t    \t    <div class=\"row_inner col_align_top\" >\n\t\t\t<div  class=\"module_column tb-column col-full first tb_529_column module_column_0 module_column_529-1-0 tb_pwia435\">\n\t    \t    \t        <div class=\"tb-column-inner\">\n\t\t    <!-- module text -->\n<div  class=\"module module-text tb_jnoy444\">\n            <div  class=\"tb_text_wrap\">\n    <h1>BIODIESEL<\/h1>    <\/div>\n<\/div>\n<!-- \/module text -->\n<!-- module text -->\n<div  class=\"module module-text tb_mlhx074\">\n            <div  class=\"tb_text_wrap\">\n    <h3>We provide raw materials to manufacture HVO<\/h3>\n<p>We trade some types of our animal oils and fats for the production of HVO (Hydrotreated Vegetable Oil). Hydrotreating, with which HVO is manufactured, is an alternative process to esterification to produce diesel from biomass. Traditionally, diesel components produced from vegetable oils are manufactured through an esterification process. In fact, HVOs are commonly known as renewable diesel or green diesel.<\/p>    <\/div>\n<\/div>\n<!-- \/module text -->\n\t        <\/div>\n\t    \t<\/div>\n\t\t    <\/div>\n\t    <!-- \/row_inner -->\n\t<\/div>\n\t<!-- \/module_row -->\n\t\t<!-- module_row -->\n\t<div   class=\"themify_builder_row module_row clearfix fullcover fullwidth module_row_2 themify_builder_529_row module_row_529-2 tb_cq8r516\">\n\t    \t    <div class=\"row_inner col_align_top gutter-none\"   data-mobile_dir=\"rtl\" data-basecol=\"2\" data-col_mobile=\"column-full\">\n\t\t\t<div  class=\"module_column tb-column col4-2 first tb_529_column module_column_0 module_column_529-2-0 tb_nbdw344\" style=\"width: 47%\">\n\t    \t    \t        <div class=\"tb-column-inner\">\n\t\t    <!-- module text -->\n<div  class=\"module module-text tb_hkfe547\">\n            <div  class=\"tb_text_wrap\">\n    <h3>ENVIRONMENT<\/h3>\n<p>We are concerned about the environment and part of that efficient use of raw materials and by-products is their use for the production of this biofuel that helps to maintain the circular economy of our business.<\/p>    <\/div>\n<\/div>\n<!-- \/module text -->\n\t        <\/div>\n\t    \t<\/div>\n\t\t<div  class=\"module_column tb-column col4-2 last tb_529_column module_column_1 module_column_529-2-1 tb_8s1x153 fullcover\" style=\"width: 53%\" >\n\t    \t    \t        <div class=\"tb-column-inner\">\n\t\t    <!-- module plain text -->\n<div  class=\"module module-plain-text tb_yglu773\">\n        <div class=\"tb_text_wrap\" >\n\t    <\/div>\n<\/div>\n<!-- \/module plain text -->\t        <\/div>\n\t    \t<\/div>\n\t\t    <\/div>\n\t    <!-- \/row_inner -->\n\t<\/div>\n\t<!-- \/module_row -->\n\t\t<!-- module_row -->\n\t<div   class=\"themify_builder_row module_row clearfix repeat fullwidth_row_container module_row_3 themify_builder_529_row module_row_529-3 tb_8eoz603\">\n\t    \t    <div class=\"row_inner col_align_top\" >\n\t\t\t<div  class=\"module_column tb-column col-full first tb_529_column module_column_0 module_column_529-3-0 tb_a23e061\">\n\t    \t    \t        <div class=\"tb-column-inner\">\n\t\t    <!-- module template_part -->\n<div  class=\"module module-layout-part tb_n38i234\">\n    <div class=\"themify_builder_content themify_builder_content-460 themify_builder not_editable_builder in_the_loop\" data-postid=\"460\">\n    \t<!-- module_row -->\n\t<div   class=\"themify_builder_row module_row clearfix repeat module_row_0 themify_builder_460_row module_row_460-0 tb_s1te655\">\n\t    \t    <div class=\"row_inner col_align_top\" >\n\t\t\t<div  class=\"module_column tb-column col-full first tb_460_column module_column_0 module_column_460-0-0 tb_qm1w655\">\n\t    \t    \t        <div class=\"tb-column-inner\">\n\t\t    <!-- module text -->\n<div  class=\"module module-text tb_5vj6655  repeat\">\n            <div  class=\"tb_text_wrap\">\n    <h2>ASK FOR MORE INFORMATION<\/h2>\n<h2>Contact us<\/h2>    <\/div>\n<\/div>\n<!-- \/module text -->\n<!-- module text -->\n<div  class=\"module module-text tb_kl43655  repeat\">\n            <div  class=\"tb_text_wrap\">\n    <p>Our commercial and technical team is at your entire disposal.<\/p>    <\/div>\n<\/div>\n<!-- \/module text -->\n<script type=\"text\/javascript\">\n\t\t\t\t\t\t\t\t\tvar id =\"contact-css\";\n\t\t\t\t\t\t\t\t\tif(document.getElementById(id)===null){\n\t\t\t\t\t\t\t\t\t    var link = document.createElement(\"link\");\n\t\t\t\t\t\t\t\t\t    link.rel=\"stylesheet\";\n\t\t\t\t\t\t\t\t\t    link.type=\"text\/css\";\n\t\t\t\t\t\t\t\t\t    link.id=id;\n\t\t\t\t\t\t\t\t\t    link.href=\"https:\/\/selevpetindustry.com\/wp-content\/plugins\/builder-contact\/assets\/style.min.css?ver=1.4.1\";\n\t\t\t\t\t\t\t\t\t    document.body.appendChild(link);\n\t\t\t\t\t\t\t\t\t}\n\t\t\t\t\t\t\t<\/script>    <!-- module contact -->\n    <div  id=\"contact-460-0-0-2\" class=\"module module-contact contact-460-0-0-2 contact-style2   tb_c34a655\">\n\t        \n        \n        <form action=\"https:\/\/selevpetindustry.com\/wp-admin\/admin-ajax.php\" class=\"builder-contact\" id=\"contact-460-0-0-2-form\" method=\"post\" data-trp-original-action=\"https:\/\/selevpetindustry.com\/wp-admin\/admin-ajax.php\">\n            <div class=\"contact-message\"><\/div>\n\t    <div class=\"builder-contact-fields\">\n\t                    <div class=\"builder-contact-field builder-contact-field-name builder-contact-text-field\" data-order=\"\">\n                    <label class=\"control-label\" for=\"contact-460-0-0-2-contact-name\"><span class=\"tb-label-span\">Name <\/span><\/label>\n                    <div class=\"control-input\">\n                        <input type=\"text\" name=\"contact-name\" placeholder=\"\" id=\"contact-460-0-0-2-contact-name\" value=\"\" class=\"form-control\" \/>\n                    <\/div>\n                <\/div>\n\t    \t                    <div class=\"builder-contact-field builder-contact-field-email builder-contact-text-field\" data-order=\"\">\n                    <label class=\"control-label\" for=\"contact-460-0-0-2-contact-email\"><span class=\"tb-label-span\">Email <\/span><\/label>\n                    <div class=\"control-input\">\n                        <input type=\"text\" name=\"contact-email\" placeholder=\"\" id=\"contact-460-0-0-2-contact-email\" value=\"\" class=\"form-control\"  \/>\n                    <\/div>\n                <\/div>\n\t    \t                        <div class=\"builder-contact-field builder-contact-field-subject builder-contact-text-field\" data-order=\"\">\n                        <label class=\"control-label\" for=\"contact-460-0-0-2-contact-subject\"><span class=\"tb-label-span\">Subject<\/span> <span class=\"required\">*<\/span><\/label>\n                        <div class=\"control-input\">\n                            <input type=\"text\" name=\"contact-subject\" placeholder=\"\" id=\"contact-460-0-0-2-contact-subject\" value=\"\" class=\"form-control\" required \/>\n                        <\/div>\n                    <\/div>\n                \n\t\t\t\t    <div class=\"builder-contact-field builder-contact-field-message builder-contact-textarea-field\" data-order=\"\">\n\t\t\t<label class=\"control-label\" for=\"contact-460-0-0-2-contact-message\"><span class=\"tb-label-span\">Message <\/span><span class=\"required\">*<\/span><\/label>\n\t\t\t<div class=\"control-input\">\n\t\t\t    <textarea name=\"contact-message\" placeholder=\"\" id=\"contact-460-0-0-2-contact-message\" rows=\"8\" cols=\"45\" class=\"form-control\" required><\/textarea>\n\t\t\t<\/div>\n\t\t    <\/div>\n\t\t\n                                                    \t\t\t\t\n                \n\t\t\t\t\n\t\t\t\t\n                \n                <div class=\"builder-contact-field builder-contact-field-send\" data-order=\"10000\">\n                    <div class=\"control-input builder-contact-field-send-left\">\n                        <button type=\"submit\" class=\"btn btn-primary\"> <i class=\"fa fa-cog fa-spin\"><\/i> Send <\/button>\n                    <\/div>\n                <\/div>\n            <\/div>\n            <script type=\"text\/html\" class=\"builder-contact-form-data\">YToxNDp7czo2OiJzZW5kdG8iO3M6MTQ6InNlbGV2QHNlbGV2LmVzIjtzOjIwOiJzcGVjaWZ5X2Zyb21fYWRkcmVzcyI7czowOiIiO3M6MTQ6InNlbmRfdG9fYWRtaW5zIjtiOjA7czoyMToic3BlY2lmeV9lbWFpbF9hZGRyZXNzIjtzOjA6IiI7czozOiJiY2MiO3M6MDoiIjtzOjE2OiJhY3RpdmVfYmNjX2VtYWlsIjtzOjA6IiI7czoxNToiZGVmYXVsdF9zdWJqZWN0IjtzOjA6IiI7czoxMToic3VjY2Vzc191cmwiO3M6MDoiIjtzOjk6InBvc3RfdHlwZSI7czowOiIiO3M6MTE6InBvc3RfYXV0aG9yIjtiOjA7czoyMDoic3VjY2Vzc19tZXNzYWdlX3RleHQiO3M6MjQ6Ik1lc3NhZ2Ugc2VudC4gVGhhbmsgeW91LiI7czoxNzoiY29udGFjdF9zZW50X2Zyb20iO3M6NjoiZW5hYmxlIjtzOjIwOiJjb250YWN0X25hbWVfcmVxdWlyZSI7YjowO3M6MjE6ImNvbnRhY3RfZW1haWxfcmVxdWlyZSI7YjowO30=<\/script>\n            <script type=\"text\/javascript\">\n\t\t\t\t\/\/ To load orders instantly, even don't wait for document ready\n\t\t\t\t(function($){\n\t\t\t\t\tvar mylist = $('#contact-460-0-0-2').first().find('.builder-contact-fields'),\n                                            listitems = mylist.children('div').get();\n\n\t\t\t\t\tlistitems.sort(function (a, b) {\n\t\t\t\t\t\tvar compA = $(a).attr('data-order') ? parseInt( $(a).attr('data-order') ) : $(a).index(),\n                                                    compB = $(b).attr('data-order') ? parseInt( $(b).attr('data-order') ) : $(b).index();\n\t\t\t\t\t\treturn ( compA < compB ) ? -1 : ( compA > compB ) ? 1 : 0;\n\t\t\t\t\t});\n\t\t\t\t\t$.each(listitems, function (idx, itm) {\n\t\t\t\t\t\tmylist.append(itm);\n\t\t\t\t\t});\n\t\t\t\t})(jQuery);\n\t\t\t<\/script>\n        <input type=\"hidden\" name=\"trp-form-language\" value=\"en\"\/><\/form>\n\n            <\/div>\n    <!-- \/module contact -->\n\t        <\/div>\n\t    \t<\/div>\n\t\t    <\/div>\n\t    <!-- \/row_inner -->\n\t<\/div>\n\t<!-- \/module_row -->\n\t<\/div>\n<\/div>\n<!-- \/module template_part -->\n\t        <\/div>\n\t    \t<\/div>\n\t\t    <\/div>\n\t    <!-- \/row_inner -->\n\t<\/div>\n\t<!-- \/module_row -->\n\t<\/div>\n\n<!-- AddThis Advanced Settings generic via filter on the_content --><!-- AddThis Share Buttons generic via filter on the_content -->","protected":false},"excerpt":{"rendered":"<p>Grasas industriales BIODIESEL Proporciononamos materias primas para fabricar HVO Comerciamos algunas tipolog\u00edas de nuestros aceites y grasas animales para la producci\u00f3n de HVO (Hydrotreated Vegetable Oil). El hidrotratamiento, con el que se fabrica el HVO, es un proceso alternativo a la esterificaci\u00f3n para producir di\u00e9sel a partir de biomasa. De manera tradicional, los componentes di\u00e9sel [&hellip;]<!-- AddThis Advanced Settings generic via filter on get_the_excerpt --><!-- AddThis Share Buttons generic via filter on get_the_excerpt --><\/p>","protected":false},"author":1,"featured_media":0,"parent":0,"menu_order":0,"comment_status":"closed","ping_status":"closed","template":"","meta":[],"yoast_head":"<!-- This site is optimized with the Yoast SEO plugin v15.9 - https:\/\/yoast.com\/wordpress\/plugins\/seo\/ -->\n<title>Grasas industriales - Selev<\/title>\n<meta name=\"robots\" content=\"index, follow, max-snippet:-1, max-image-preview:large, max-video-preview:-1\" \/>\n<link rel=\"canonical\" href=\"https:\/\/selevpetindustry.com\/grasas-industriales\/\" \/>\n<meta property=\"og:locale\" content=\"en_GB\" \/>\n<meta property=\"og:type\" content=\"article\" \/>\n<meta property=\"og:title\" content=\"Grasas industriales - Selev\" \/>\n<meta property=\"og:description\" content=\"Grasas industriales BIODIESEL Proporciononamos materias primas para fabricar HVO Comerciamos algunas tipolog\u00edas de nuestros aceites y grasas animales para la producci\u00f3n de HVO (Hydrotreated Vegetable Oil). El hidrotratamiento, con el que se fabrica el HVO, es un proceso alternativo a la esterificaci\u00f3n para producir di\u00e9sel a partir de biomasa. De manera tradicional, los componentes di\u00e9sel [&hellip;]\" \/>\n<meta property=\"og:url\" content=\"https:\/\/selevpetindustry.com\/grasas-industriales\/\" \/>\n<meta property=\"og:site_name\" content=\"Selev\" \/>\n<meta property=\"article:publisher\" content=\"https:\/\/www.facebook.com\/SELEV-743333699110370\/\" \/>\n<meta property=\"article:modified_time\" content=\"2020-04-02T08:38:03+00:00\" \/>\n<meta name=\"twitter:card\" content=\"summary_large_image\" \/>\n<meta name=\"twitter:site\" content=\"@Selev_pet\" \/>\n<meta name=\"twitter:label1\" content=\"Estimated reading time\">\n\t<meta name=\"twitter:data1\" content=\"1 minute\">\n<script type=\"application\/ld+json\" class=\"yoast-schema-graph\">{\"@context\":\"https:\/\/schema.org\",\"@graph\":[{\"@type\":\"WebSite\",\"@id\":\"https:\/\/selevpetindustry.com\/#website\",\"url\":\"https:\/\/selevpetindustry.com\/\",\"name\":\"Selev\",\"description\":\"Calidad sostenible\",\"potentialAction\":[{\"@type\":\"SearchAction\",\"target\":\"https:\/\/selevpetindustry.com\/?s={search_term_string}\",\"query-input\":\"required name=search_term_string\"}],\"inLanguage\":\"en-GB\"},{\"@type\":\"WebPage\",\"@id\":\"https:\/\/selevpetindustry.com\/grasas-industriales\/#webpage\",\"url\":\"https:\/\/selevpetindustry.com\/grasas-industriales\/\",\"name\":\"Grasas industriales - Selev\",\"isPartOf\":{\"@id\":\"https:\/\/selevpetindustry.com\/#website\"},\"datePublished\":\"2020-02-25T15:55:46+00:00\",\"dateModified\":\"2020-04-02T08:38:03+00:00\",\"breadcrumb\":{\"@id\":\"https:\/\/selevpetindustry.com\/grasas-industriales\/#breadcrumb\"},\"inLanguage\":\"en-GB\",\"potentialAction\":[{\"@type\":\"ReadAction\",\"target\":[\"https:\/\/selevpetindustry.com\/grasas-industriales\/\"]}]},{\"@type\":\"BreadcrumbList\",\"@id\":\"https:\/\/selevpetindustry.com\/grasas-industriales\/#breadcrumb\",\"itemListElement\":[{\"@type\":\"ListItem\",\"position\":1,\"item\":{\"@type\":\"WebPage\",\"@id\":\"https:\/\/selevpetindustry.com\/\",\"url\":\"https:\/\/selevpetindustry.com\/\",\"name\":\"Portada\"}},{\"@type\":\"ListItem\",\"position\":2,\"item\":{\"@type\":\"WebPage\",\"@id\":\"https:\/\/selevpetindustry.com\/grasas-industriales\/\",\"url\":\"https:\/\/selevpetindustry.com\/grasas-industriales\/\",\"name\":\"Grasas industriales\"}}]}]}<\/script>\n<!-- \/ Yoast SEO plugin. -->","builder_content":"<h1>Grasas industriales<\/h1>\n<h1>BIODIESEL<\/h1>\n<h3>Proporciononamos materias primas para fabricar HVO<\/h3> <p>Comerciamos algunas tipolog\u00edas de nuestros aceites y grasas animales para la producci\u00f3n de HVO (Hydrotreated Vegetable Oil). El hidrotratamiento, con el que se fabrica el HVO, es un proceso alternativo a la esterificaci\u00f3n para producir di\u00e9sel a partir de biomasa. De manera tradicional, los componentes di\u00e9sel producidos a partir de aceites vegetales se fabrican mediante un proceso de esterificaci\u00f3n. De hecho, los HVO se conocen com\u00fanmente como di\u00e9sel renovable o di\u00e9sel verde.<\/p>\n<h3>MEDIO AMBIENTE<\/h3> <p>Nos preocupa el medio ambiente y parte de ese aprovechamiento eficiente de las materias primas y subproductos es su uso para la producci\u00f3n de este biocombustible que ayuda a mantener la econom\u00eda circular de nuestro negocio.<\/p>\n\n<h2>PIDE M\u00c1S INFORMACI\u00d3N<\/h2> <h2>Contacta con nosotros<\/h2> \n <p>Nuestro equipo comercial y t\u00e9cnico est\u00e1 a tu entera disposici\u00f3n.<\/p> \n <form action=\"https:\/\/selevpetindustry.com\/wp-admin\/admin-ajax.php\" id=\"contact-460-0-0-2-form\" method=\"post\"> <label for=\"contact-460-0-0-2-contact-name\">Nombre <\/label> <input type=\"text\" name=\"contact-name\" placeholder=\"\" id=\"contact-460-0-0-2-contact-name\" value=\"\" \/> <label for=\"contact-460-0-0-2-contact-email\">Email <\/label> <input type=\"text\" name=\"contact-email\" placeholder=\"\" id=\"contact-460-0-0-2-contact-email\" value=\"\" \/> <label for=\"contact-460-0-0-2-contact-subject\">Asunto *<\/label> <input type=\"text\" name=\"contact-subject\" placeholder=\"\" id=\"contact-460-0-0-2-contact-subject\" value=\"\" required \/> <label for=\"contact-460-0-0-2-contact-message\">Mensaje *<\/label> <textarea name=\"contact-message\" placeholder=\"\" id=\"contact-460-0-0-2-contact-message\" rows=\"8\" cols=\"45\" required><\/textarea> <button type=\"submit\"> Enviar <\/button> <\/form>","_links":{"self":[{"href":"https:\/\/selevpetindustry.com\/en\/wp-json\/wp\/v2\/pages\/529"}],"collection":[{"href":"https:\/\/selevpetindustry.com\/en\/wp-json\/wp\/v2\/pages"}],"about":[{"href":"https:\/\/selevpetindustry.com\/en\/wp-json\/wp\/v2\/types\/page"}],"author":[{"embeddable":true,"href":"https:\/\/selevpetindustry.com\/en\/wp-json\/wp\/v2\/users\/1"}],"replies":[{"embeddable":true,"href":"https:\/\/selevpetindustry.com\/en\/wp-json\/wp\/v2\/comments?post=529"}],"version-history":[{"count":16,"href":"https:\/\/selevpetindustry.com\/en\/wp-json\/wp\/v2\/pages\/529\/revisions"}],"predecessor-version":[{"id":688,"href":"https:\/\/selevpetindustry.com\/en\/wp-json\/wp\/v2\/pages\/529\/revisions\/688"}],"wp:attachment":[{"href":"https:\/\/selevpetindustry.com\/en\/wp-json\/wp\/v2\/media?parent=529"}],"curies":[{"name":"wp","href":"https:\/\/api.w.org\/{rel}","templated":true}]}}