{"id":7,"date":"2019-02-20T06:41:48","date_gmt":"2019-02-20T06:41:48","guid":{"rendered":"https:\/\/themify.me\/demo\/themes\/ultra-agency-2\/?page_id=17"},"modified":"2020-04-15T14:41:32","modified_gmt":"2020-04-15T14:41:32","slug":"contact","status":"publish","type":"page","link":"https:\/\/selevpetindustry.com\/en\/contact\/","title":{"rendered":"Contact"},"content":{"rendered":"<div id=\"themify_builder_content-7\" data-postid=\"7\" class=\"themify_builder_content themify_builder_content-7 themify_builder\">\n    \t<!-- module_row -->\n\t<div   class=\"themify_builder_row module_row clearfix fullcover fullwidth module_row_0 themify_builder_7_row module_row_7-0 tb_08c1fab\">\n\t    <div class=\"builder_row_cover\"><\/div>\t    <div class=\"row_inner col_align_top gutter-none\"   data-basecol=\"2\" data-col_tablet=\"column-full\" data-col_mobile=\"column-full\">\n\t\t\t<div  class=\"module_column tb-column col4-2 first tb_7_column module_column_0 module_column_7-0-0 tb_91353a9 repeat\" style=\"width: 46%\" >\n\t    \t    \t        <div class=\"tb-column-inner\">\n\t\t    <!-- module text -->\n<div  class=\"module module-text tb_la7b96  repeat\">\n            <div  class=\"tb_text_wrap\">\n    <h1>CONTACT<\/h1>    <\/div>\n<\/div>\n<!-- \/module text -->\n\t<div  class=\"themify_builder_sub_row module_subrow clearfix repeat sub_row_0-0-1 tb_4ceacae\" >\n\t    \t    <div class=\"subrow_inner col_align_bottom\"   data-basecol=\"2\" data-col_mobile=\"column4-2\">\n\t\t\t<div  class=\"sub_column module_column col4-2 first sub_column_post_7 sub_column_0-0-1-0 tb_b4748a9\" > \n\t    \t    \t        <div class=\"tb-column-inner\">\n\t\t    <!-- module text -->\n<div  class=\"module module-text tb_rs4n96  repeat\">\n            <div  class=\"tb_text_wrap\">\n    <p>Selev Pet Industry<br \/>Autov\u00eda A-7, km 356 Apartado de correos 57<br \/>46460 Silla (Valencia) Spain<\/p>    <\/div>\n<\/div>\n<!-- \/module text -->\n    <!-- module icon -->\n    <div  class=\"module module-icon tb_da9ea5d  large circle icon_horizontal icon_position_left\">\n\t        \t<div class=\"module-icon\">\n                            <div class=\"module-icon-item\">\n                                            <a href=\"https:\/\/www.facebook.com\/SELEV-743333699110370\/\">\n                                                                            <i class=\"ti-linkedin ui tb_default_color\"><\/i>\n                                                                                                <\/a>\n                                    <\/div>\n                            <div class=\"module-icon-item\">\n                                            <a href=\"https:\/\/twitter.com\/Selev_pet\">\n                                                                            <i class=\"fa fa-twitter ui tb_default_color\"><\/i>\n                                                                                                <\/a>\n                                    <\/div>\n                    <\/div>\n    <\/div>\n    <!-- \/module icon -->\n\t        <\/div>\n\t    \t<\/div>\n\t\t<div  class=\"sub_column module_column col4-2 last sub_column_post_7 sub_column_0-0-1-1 tb_a24f3cb repeat\" > \n\t    \t    \t        <div class=\"tb-column-inner\">\n\t\t        <!-- module icon -->\n    <div  class=\"module module-icon tb_yis0715  normal circle icon_horizontal\">\n\t        \t<div class=\"module-icon\">\n                            <div class=\"module-icon-item\">\n                                            <a href=\"tel:+34 96 121 19 53\">\n                                                                            <i class=\"fas fa-phone ui tb_default_color\"><\/i>\n                                                                            <span>+34 96 121 19 53<\/span>\n                                                                        <\/a>\n                                    <\/div>\n                    <\/div>\n    <\/div>\n    <!-- \/module icon -->\n    <!-- module icon -->\n    <div  class=\"module module-icon tb_fnh2119  normal circle icon_horizontal\">\n\t        \t<div class=\"module-icon\">\n                            <div class=\"module-icon-item\">\n                                            <a href=\"mailto:selev@selev.es\">\n                                                                            <i class=\"far fa-envelope ui tb_default_color\"><\/i>\n                                                                            <span> selev@selev.es<\/span>\n                                                                        <\/a>\n                                    <\/div>\n                    <\/div>\n    <\/div>\n    <!-- \/module icon -->\n\t        <\/div>\n\t    \t<\/div>\n\t\t    <\/div>\n\t<\/div><!-- \/themify_builder_sub_row -->\n\t\t        <\/div>\n\t    \t<\/div>\n\t\t<div  class=\"module_column tb-column col4-2 last tb_7_column module_column_1 module_column_7-0-1 tb_99f36a7 repeat-y\" style=\"width: 54%\" >\n\t    \t    \t<\/div>\n\t\t    <\/div>\n\t    <!-- \/row_inner -->\n\t<\/div>\n\t<!-- \/module_row -->\n\t\t<!-- module_row -->\n\t<div   class=\"themify_builder_row module_row clearfix repeat fullwidth module_row_1 themify_builder_7_row module_row_7-1 tb_93d0bdf\">\n\t    \t    <div class=\"row_inner col_align_top\" >\n\t\t\t<div  class=\"module_column tb-column col-full first tb_7_column module_column_0 module_column_7-1-0 tb_be5143d\">\n\t    \t    \t        <div class=\"tb-column-inner\">\n\t\t    <!-- module widget -->\n<div  class=\"module module-widget tb_sdzb503\">\n\t<div class=\"widget widget_text\">\t\t\t<div class=\"textwidget\">\t\t\t\t\t<div id=\"wp_mapit_Jaw0A3tUW7\" class=\"wp_mapit_multipin_map\" data-lat=\"39.336062\" data-lng=\"-0.433166\" data-zoom=\"16\" data-type=\"before\" data-marker=\"https:\/\/selevpetindustry.com\/wp-content\/plugins\/wp-mapit\/wp_mapit\/images\/map-pin.png\" data-width=\"100\" data-width-type=\"per\" data-height=\"300\" data-height-type=\"px\" data-pins=\"[{&quot;lat&quot;:&quot;39.336062&quot;,&quot;lng&quot;:&quot;-0.433166&quot;,&quot;marker_image&quot;:&quot;&quot;,&quot;marker_title&quot;:&quot;&quot;,&quot;marker_content&quot;:&quot;&quot;,&quot;marker_url&quot;:&quot;&quot;}]\" ><\/div>\r\n\n<\/div>\n\t\t<\/div><\/div><!-- \/module widget -->\t        <\/div>\n\t    \t<\/div>\n\t\t    <\/div>\n\t    <!-- \/row_inner -->\n\t<\/div>\n\t<!-- \/module_row -->\n\t\t<!-- module_row -->\n\t<div   data-anchor=\"get-started\" class=\"themify_builder_row module_row clearfix repeat-none tb_section-get-started module_row_2 themify_builder_7_row module_row_7-2 tb_d252979\">\n\t    <div class=\"builder_row_cover\"><\/div>\t    <div class=\"row_inner col_align_middle\" >\n\t\t\t<div  class=\"module_column tb-column col-full first tb_7_column module_column_0 module_column_7-2-0 tb_7af59fa\" >\n\t    \t    \t        <div class=\"tb-column-inner\">\n\t\t    \t<div  class=\"themify_builder_sub_row module_subrow clearfix sub_row_2-0-0 tb_ey1i564\">\n\t    \t    <div class=\"subrow_inner col_align_top\" >\n\t\t\t<div  class=\"sub_column module_column col-full first sub_column_post_7 sub_column_2-0-0-0 tb_vfpd565\" > \n\t    \t    \t        <div class=\"tb-column-inner\">\n\t\t    <!-- module text -->\n<div  class=\"module module-text tb_a4faa70  repeat\">\n            <div  class=\"tb_text_wrap\">\n    <div class=\"module module-text tb_kl43655  repeat\">\n<div class=\"tb_text_wrap\">\n<h3>Our commercial and technical team is at your entire disposal.<\/h3>\n<\/div>\n<\/div>    <\/div>\n<\/div>\n<!-- \/module text -->\n<script type=\"text\/javascript\">\n\t\t\t\t\t\t\t\t\tvar id =\"contact-css\";\n\t\t\t\t\t\t\t\t\tif(document.getElementById(id)===null){\n\t\t\t\t\t\t\t\t\t    var link = document.createElement(\"link\");\n\t\t\t\t\t\t\t\t\t    link.rel=\"stylesheet\";\n\t\t\t\t\t\t\t\t\t    link.type=\"text\/css\";\n\t\t\t\t\t\t\t\t\t    link.id=id;\n\t\t\t\t\t\t\t\t\t    link.href=\"https:\/\/selevpetindustry.com\/wp-content\/plugins\/builder-contact\/assets\/style.min.css?ver=1.4.1\";\n\t\t\t\t\t\t\t\t\t    document.body.appendChild(link);\n\t\t\t\t\t\t\t\t\t}\n\t\t\t\t\t\t\t<\/script>    <!-- module contact -->\n    <div  id=\"contact-7-sub_row_2-0-0-0-1\" class=\"module module-contact contact-7-sub_row_2-0-0-0-1 contact-style2   tb_msug640\">\n\t        \n        \n        <form action=\"https:\/\/selevpetindustry.com\/wp-admin\/admin-ajax.php\" class=\"builder-contact\" id=\"contact-7-sub_row_2-0-0-0-1-form\" method=\"post\" data-trp-original-action=\"https:\/\/selevpetindustry.com\/wp-admin\/admin-ajax.php\">\n            <div class=\"contact-message\"><\/div>\n\t    <div class=\"builder-contact-fields\">\n\t                    <div class=\"builder-contact-field builder-contact-field-name builder-contact-text-field\" data-order=\"\">\n                    <label class=\"control-label\" for=\"contact-7-sub_row_2-0-0-0-1-contact-name\"><span class=\"tb-label-span\">Name <\/span><span class=\"required\">*<\/span><\/label>\n                    <div class=\"control-input\">\n                        <input type=\"text\" name=\"contact-name\" placeholder=\"\" id=\"contact-7-sub_row_2-0-0-0-1-contact-name\" value=\"\" class=\"form-control\" required>\n                    <\/div>\n                <\/div>\n\t    \t                    <div class=\"builder-contact-field builder-contact-field-email builder-contact-text-field\" data-order=\"\">\n                    <label class=\"control-label\" for=\"contact-7-sub_row_2-0-0-0-1-contact-email\"><span class=\"tb-label-span\">Email <\/span><span class=\"required\">*<\/span><\/label>\n                    <div class=\"control-input\">\n                        <input type=\"text\" name=\"contact-email\" placeholder=\"\" id=\"contact-7-sub_row_2-0-0-0-1-contact-email\" value=\"\" class=\"form-control\" required \/>\n                    <\/div>\n                <\/div>\n\t    \t                        <div class=\"builder-contact-field builder-contact-field-subject builder-contact-text-field\" data-order=\"\">\n                        <label class=\"control-label\" for=\"contact-7-sub_row_2-0-0-0-1-contact-subject\"><span class=\"tb-label-span\">Subject<\/span> <span class=\"required\">*<\/span><\/label>\n                        <div class=\"control-input\">\n                            <input type=\"text\" name=\"contact-subject\" placeholder=\"\" id=\"contact-7-sub_row_2-0-0-0-1-contact-subject\" value=\"\" class=\"form-control\" required \/>\n                        <\/div>\n                    <\/div>\n                \n\t\t\t\t    <div class=\"builder-contact-field builder-contact-field-message builder-contact-textarea-field\" data-order=\"\">\n\t\t\t<label class=\"control-label\" for=\"contact-7-sub_row_2-0-0-0-1-contact-message\"><span class=\"tb-label-span\">Message <\/span><span class=\"required\">*<\/span><\/label>\n\t\t\t<div class=\"control-input\">\n\t\t\t    <textarea name=\"contact-message\" placeholder=\"\" id=\"contact-7-sub_row_2-0-0-0-1-contact-message\" rows=\"8\" cols=\"45\" class=\"form-control\" required><\/textarea>\n\t\t\t<\/div>\n\t\t    <\/div>\n\t\t\n                                                    \t\t\t\t\n                \n\t\t\t\t\n\t\t\t\t\t\t\t\t\t<div class=\"builder-contact-field builder-contact-field-gdpr\" data-order=\"10000\">\n\t\t\t\t\t\t<div class=\"control-label\">\n\t\t\t\t\t\t\t<div class=\"control-input checkbox\">\n\t\t\t\t\t\t\t\t<label class=\"field-gdpr\">\n\t\t\t\t\t\t\t\t\t<input type=\"checkbox\" name=\"gdpr\" value=\"1\" required> I have read, accepted and consent to the treatment of my data as reported in our privacy policy <span class=\"required\">*<\/span>\n\t\t\t\t\t\t\t\t<\/label>\n\t\t\t\t\t\t\t<\/div>\n\t\t\t\t\t\t<\/div>\n\t\t\t\t\t<\/div>\n\t\t\t\t\n                \n                <div class=\"builder-contact-field builder-contact-field-send\" data-order=\"10001\">\n                    <div class=\"control-input builder-contact-field-send-left\">\n                        <button type=\"submit\" class=\"btn btn-primary\"> <i class=\"fa fa-cog fa-spin\"><\/i> Send <\/button>\n                    <\/div>\n                <\/div>\n            <\/div>\n            <script type=\"text\/html\" class=\"builder-contact-form-data\">YToxNDp7czo2OiJzZW5kdG8iO3M6MTQ6InNlbGV2QHNlbGV2LmVzIjtzOjIwOiJzcGVjaWZ5X2Zyb21fYWRkcmVzcyI7czowOiIiO3M6MTQ6InNlbmRfdG9fYWRtaW5zIjtiOjA7czoyMToic3BlY2lmeV9lbWFpbF9hZGRyZXNzIjtzOjA6IiI7czozOiJiY2MiO3M6MDoiIjtzOjE2OiJhY3RpdmVfYmNjX2VtYWlsIjtzOjA6IiI7czoxNToiZGVmYXVsdF9zdWJqZWN0IjtzOjA6IiI7czoxMToic3VjY2Vzc191cmwiO3M6MDoiIjtzOjk6InBvc3RfdHlwZSI7czowOiIiO3M6MTE6InBvc3RfYXV0aG9yIjtiOjA7czoyMDoic3VjY2Vzc19tZXNzYWdlX3RleHQiO3M6MjQ6Ik1lc3NhZ2Ugc2VudC4gVGhhbmsgeW91LiI7czoxNzoiY29udGFjdF9zZW50X2Zyb20iO3M6NjoiZW5hYmxlIjtzOjIwOiJjb250YWN0X25hbWVfcmVxdWlyZSI7YjoxO3M6MjE6ImNvbnRhY3RfZW1haWxfcmVxdWlyZSI7YjoxO30=<\/script>\n            <script type=\"text\/javascript\">\n\t\t\t\t\/\/ To load orders instantly, even don't wait for document ready\n\t\t\t\t(function($){\n\t\t\t\t\tvar mylist = $('#contact-7-sub_row_2-0-0-0-1').first().find('.builder-contact-fields'),\n                                            listitems = mylist.children('div').get();\n\n\t\t\t\t\tlistitems.sort(function (a, b) {\n\t\t\t\t\t\tvar compA = $(a).attr('data-order') ? parseInt( $(a).attr('data-order') ) : $(a).index(),\n                                                    compB = $(b).attr('data-order') ? parseInt( $(b).attr('data-order') ) : $(b).index();\n\t\t\t\t\t\treturn ( compA < compB ) ? -1 : ( compA > compB ) ? 1 : 0;\n\t\t\t\t\t});\n\t\t\t\t\t$.each(listitems, function (idx, itm) {\n\t\t\t\t\t\tmylist.append(itm);\n\t\t\t\t\t});\n\t\t\t\t})(jQuery);\n\t\t\t<\/script>\n        <input type=\"hidden\" name=\"trp-form-language\" value=\"en\"\/><\/form>\n\n            <\/div>\n    <!-- \/module contact -->\n\t        <\/div>\n\t    \t<\/div>\n\t\t    <\/div>\n\t<\/div><!-- \/themify_builder_sub_row -->\n\t\t        <\/div>\n\t    \t<\/div>\n\t\t    <\/div>\n\t    <!-- \/row_inner -->\n\t<\/div>\n\t<!-- \/module_row -->\n\t<\/div>\n\n<!-- AddThis Advanced Settings generic via filter on the_content --><!-- AddThis Share Buttons generic via filter on the_content -->","protected":false},"excerpt":{"rendered":"<p>CONTACTO Selev Pet IndustryAutov\u00eda A-7, km 356 Apartado de correos 5746460 Silla (Valencia) Spain +34 96 121 19 53 selev@selev.es Nuestro equipo comercial y t\u00e9cnico est\u00e1 a tu entera disposici\u00f3n. Nombre * Email * Asunto * Mensaje * He le\u00eddo, aceptado y doy mi consentimiento al tratamiento de mis datos conforme a lo informado en [&hellip;]<!-- AddThis Advanced Settings generic via filter on get_the_excerpt --><!-- AddThis Share Buttons generic via filter on get_the_excerpt --><\/p>","protected":false},"author":1,"featured_media":0,"parent":0,"menu_order":0,"comment_status":"closed","ping_status":"closed","template":"","meta":[],"yoast_head":"<!-- This site is optimized with the Yoast SEO plugin v15.9 - https:\/\/yoast.com\/wordpress\/plugins\/seo\/ -->\n<title>Contact - Selev<\/title>\n<meta name=\"robots\" content=\"index, follow, max-snippet:-1, max-image-preview:large, max-video-preview:-1\" \/>\n<link rel=\"canonical\" href=\"https:\/\/selevpetindustry.com\/contact\/\" \/>\n<meta property=\"og:locale\" content=\"en_GB\" \/>\n<meta property=\"og:type\" content=\"article\" \/>\n<meta property=\"og:title\" content=\"Contact - Selev\" \/>\n<meta property=\"og:description\" content=\"CONTACTO Selev Pet IndustryAutov\u00eda A-7, km 356 Apartado de correos 5746460 Silla (Valencia) Spain +34 96 121 19 53 selev@selev.es Nuestro equipo comercial y t\u00e9cnico est\u00e1 a tu entera disposici\u00f3n. Nombre * Email * Asunto * Mensaje * He le\u00eddo, aceptado y doy mi consentimiento al tratamiento de mis datos conforme a lo informado en [&hellip;]\" \/>\n<meta property=\"og:url\" content=\"https:\/\/selevpetindustry.com\/contact\/\" \/>\n<meta property=\"og:site_name\" content=\"Selev\" \/>\n<meta property=\"article:publisher\" content=\"https:\/\/www.facebook.com\/SELEV-743333699110370\/\" \/>\n<meta property=\"article:modified_time\" content=\"2020-04-15T14:41:32+00:00\" \/>\n<meta name=\"twitter:card\" content=\"summary_large_image\" \/>\n<meta name=\"twitter:site\" content=\"@Selev_pet\" \/>\n<script type=\"application\/ld+json\" class=\"yoast-schema-graph\">{\"@context\":\"https:\/\/schema.org\",\"@graph\":[{\"@type\":\"WebSite\",\"@id\":\"https:\/\/selevpetindustry.com\/#website\",\"url\":\"https:\/\/selevpetindustry.com\/\",\"name\":\"Selev\",\"description\":\"Calidad sostenible\",\"potentialAction\":[{\"@type\":\"SearchAction\",\"target\":\"https:\/\/selevpetindustry.com\/?s={search_term_string}\",\"query-input\":\"required name=search_term_string\"}],\"inLanguage\":\"en-GB\"},{\"@type\":\"WebPage\",\"@id\":\"https:\/\/selevpetindustry.com\/contact\/#webpage\",\"url\":\"https:\/\/selevpetindustry.com\/contact\/\",\"name\":\"Contact - Selev\",\"isPartOf\":{\"@id\":\"https:\/\/selevpetindustry.com\/#website\"},\"datePublished\":\"2019-02-20T06:41:48+00:00\",\"dateModified\":\"2020-04-15T14:41:32+00:00\",\"breadcrumb\":{\"@id\":\"https:\/\/selevpetindustry.com\/contact\/#breadcrumb\"},\"inLanguage\":\"en-GB\",\"potentialAction\":[{\"@type\":\"ReadAction\",\"target\":[\"https:\/\/selevpetindustry.com\/contact\/\"]}]},{\"@type\":\"BreadcrumbList\",\"@id\":\"https:\/\/selevpetindustry.com\/contact\/#breadcrumb\",\"itemListElement\":[{\"@type\":\"ListItem\",\"position\":1,\"item\":{\"@type\":\"WebPage\",\"@id\":\"https:\/\/selevpetindustry.com\/\",\"url\":\"https:\/\/selevpetindustry.com\/\",\"name\":\"Portada\"}},{\"@type\":\"ListItem\",\"position\":2,\"item\":{\"@type\":\"WebPage\",\"@id\":\"https:\/\/selevpetindustry.com\/contact\/\",\"url\":\"https:\/\/selevpetindustry.com\/contact\/\",\"name\":\"Contact\"}}]}]}<\/script>\n<!-- \/ Yoast SEO plugin. -->","builder_content":"<h1>CONTACTO<\/h1>\n<p>Selev Pet Industry<br \/>Autov\u00eda A-7, km 356 Apartado de correos 57<br \/>46460 Silla (Valencia) Spain<\/p>\n<a href=\"https:\/\/www.facebook.com\/SELEV-743333699110370\/\"> <\/a> <a href=\"https:\/\/twitter.com\/Selev_pet\"> <\/a>\n<a href=\"tel:+34 96 121 19 53\"> +34 96 121 19 53 <\/a>\n<a href=\"mailto:selev@selev.es\"> selev@selev.es <\/a>\n\n<h3>Nuestro equipo comercial y t\u00e9cnico est\u00e1 a tu entera disposici\u00f3n.<\/h3>\n<form action=\"https:\/\/selevpetindustry.com\/wp-admin\/admin-ajax.php\" id=\"contact-0--form\" method=\"post\"> <label for=\"contact-0--contact-name\">Nombre *<\/label> <input type=\"text\" name=\"contact-name\" placeholder=\"\" id=\"contact-0--contact-name\" value=\"\" required\/> <label for=\"contact-0--contact-email\">Email *<\/label> <input type=\"text\" name=\"contact-email\" placeholder=\"\" id=\"contact-0--contact-email\" value=\"\" required \/> <label for=\"contact-0--contact-subject\">Asunto *<\/label> <input type=\"text\" name=\"contact-subject\" placeholder=\"\" id=\"contact-0--contact-subject\" value=\"\" required \/> <label for=\"contact-0--contact-message\">Mensaje *<\/label> <textarea name=\"contact-message\" placeholder=\"\" id=\"contact-0--contact-message\" rows=\"8\" cols=\"45\" required><\/textarea> <label> <input type=\"checkbox\" name=\"gdpr\" value=\"1\" required\/> He le\u00eddo, aceptado y doy mi consentimiento al tratamiento de mis datos conforme a lo informado en nuestra pol\u00edtica de privacidad * <\/label> <button type=\"submit\"> Send <\/button> <\/form>","_links":{"self":[{"href":"https:\/\/selevpetindustry.com\/en\/wp-json\/wp\/v2\/pages\/7"}],"collection":[{"href":"https:\/\/selevpetindustry.com\/en\/wp-json\/wp\/v2\/pages"}],"about":[{"href":"https:\/\/selevpetindustry.com\/en\/wp-json\/wp\/v2\/types\/page"}],"author":[{"embeddable":true,"href":"https:\/\/selevpetindustry.com\/en\/wp-json\/wp\/v2\/users\/1"}],"replies":[{"embeddable":true,"href":"https:\/\/selevpetindustry.com\/en\/wp-json\/wp\/v2\/comments?post=7"}],"version-history":[{"count":23,"href":"https:\/\/selevpetindustry.com\/en\/wp-json\/wp\/v2\/pages\/7\/revisions"}],"predecessor-version":[{"id":702,"href":"https:\/\/selevpetindustry.com\/en\/wp-json\/wp\/v2\/pages\/7\/revisions\/702"}],"wp:attachment":[{"href":"https:\/\/selevpetindustry.com\/en\/wp-json\/wp\/v2\/media?parent=7"}],"curies":[{"name":"wp","href":"https:\/\/api.w.org\/{rel}","templated":true}]}}